{"id":1065,"date":"2014-11-13T06:41:39","date_gmt":"2014-11-13T05:41:39","guid":{"rendered":"http:\/\/www.sddolomiti.si\/?page_id=1065"},"modified":"2018-04-16T21:35:29","modified_gmt":"2018-04-16T19:35:29","slug":"decki","status":"publish","type":"page","link":"https:\/\/www.sddolomiti.si\/?page_id=1065","title":{"rendered":"<span style=\"color: blue;\">Modra skupina<\/span>"},"content":{"rendered":"<span itemprop=\"description\"><blockquote><p>Starej\u0161i otroci pri svojem razvoju gibalnih sposobnosti potrebujejo veliko gibanja. Bolj aktivno in na\u010drtno vadbo mora spremljati izku\u0161en trener, ki dobro ve, kaj lahko vsak posameznik zmore.<\/p><\/blockquote>\n<p>Nekateri otroci v \u010dasu odra\u0161\u010danja potrebujejo poleg aktivnega napora tudi adrenalinsko komponento. Smu\u010darski skoki prav gotovo to vsebujejo.<\/p>\n<div>Jerca Be\u010dan 2007<\/div>\n<div>Nejc Logar 2007<\/div>\n<div>Matic Perme 2007<\/div>\n<div>Oskar An\u017ein 2007<\/div>\n<div>Jurij Turk 2004<\/div>\n<div>Jo\u0161t Kraj\u0161ek 2004<\/div>\n<hr \/>\n<p><strong><em>Ve\u010d branja o tem:<\/em><\/strong><\/p>\n<p align=\"LEFT\"><a title=\"Treningi\" href=\"http:\/\/www.sddolomiti.si\/?page_id=143\">Treningi<\/a>\u00a0\u00a0\u00a0 <a title=\"Priprave\" href=\"http:\/\/www.sddolomiti.si\/?page_id=435\">Priprave<\/a>\u00a0\u00a0 <a title=\"Tekmovanja\" href=\"http:\/\/www.sddolomiti.si\/?page_id=437\">Tekmovanja<\/a>\u00a0\u00a0 <a title=\"Trenerji\" href=\"?page_id=459\">Trenerji<\/a><\/p>\n<p>&nbsp;<\/p>\n<span>","protected":false},"excerpt":{"rendered":"<p class=\"excerpt\"><span itemprop=\"description\">Starej\u0161i otroci pri svojem razvoju gibalnih sposobnosti potrebujejo veliko gibanja. Bolj aktivno in na\u010drtno vadbo mora spremljati izku\u0161en trener, ki dobro ve, kaj lahko vsak posameznik zmore. Nekateri otroci v \u010dasu odra\u0161\u010danja potrebujejo poleg aktivnega napora tudi adrenalinsko komponento. Smu\u010darski skoki prav gotovo to vsebujejo. Jerca Be\u010dan 2007 Nejc Logar&hellip;<\/span><\/p>\n<p class=\"more-link-p btn-align-center\"><a class=\"green zoom-btn\" href=\"https:\/\/www.sddolomiti.si\/?page_id=1065\">Preberi<\/a><\/p>\n","protected":false},"author":3,"featured_media":0,"parent":178,"menu_order":1,"comment_status":"closed","ping_status":"closed","template":"","meta":{"_crdt_document":"","footnotes":""},"class_list":["post-1065","page","type-page","status-publish","hentry"],"_links":{"self":[{"href":"https:\/\/www.sddolomiti.si\/index.php?rest_route=\/wp\/v2\/pages\/1065","targetHints":{"allow":["GET"]}}],"collection":[{"href":"https:\/\/www.sddolomiti.si\/index.php?rest_route=\/wp\/v2\/pages"}],"about":[{"href":"https:\/\/www.sddolomiti.si\/index.php?rest_route=\/wp\/v2\/types\/page"}],"author":[{"embeddable":true,"href":"https:\/\/www.sddolomiti.si\/index.php?rest_route=\/wp\/v2\/users\/3"}],"replies":[{"embeddable":true,"href":"https:\/\/www.sddolomiti.si\/index.php?rest_route=%2Fwp%2Fv2%2Fcomments&post=1065"}],"version-history":[{"count":0,"href":"https:\/\/www.sddolomiti.si\/index.php?rest_route=\/wp\/v2\/pages\/1065\/revisions"}],"up":[{"embeddable":true,"href":"https:\/\/www.sddolomiti.si\/index.php?rest_route=\/wp\/v2\/pages\/178"}],"wp:attachment":[{"href":"https:\/\/www.sddolomiti.si\/index.php?rest_route=%2Fwp%2Fv2%2Fmedia&parent=1065"}],"curies":[{"name":"wp","href":"https:\/\/api.w.org\/{rel}","templated":true}]}}