{"id":1080,"date":"2014-11-17T08:29:16","date_gmt":"2014-11-17T07:29:16","guid":{"rendered":"http:\/\/www.sddolomiti.si\/?page_id=1080"},"modified":"2015-01-09T00:14:08","modified_gmt":"2015-01-08T23:14:08","slug":"slovenska-pokalna-tekmovanja","status":"publish","type":"page","link":"https:\/\/www.sddolomiti.si\/?page_id=1080","title":{"rendered":"Slovenska pokalna tekmovanja"},"content":{"rendered":"<span itemprop=\"description\"><p>Smu\u010darska zveza Slovenije organizira tekmovanja v smu\u010darskih skokih in nordijski kombinaciji za vse starostne kategorije v Sloveniji. Imamo dr\u017eavna tekmovanja in Cockta pokalna tekmovanja. V mlaj\u0161ih kategorijah so tekmovanja razdeljena na regije: ljubljanska, gorenjska in \u0161tajersko-koro\u0161ka.<\/p>\n<p>Rezultati posameznih poklanih in dr\u017eavnih tekem so na voljo v spletnem portalu <a title=\"Spletni SMUSKO\" href=\"http:\/\/smusko.adamsoft.si\/index.php\">SMUSKO<\/a>.<\/p>\n<h2><span style=\"color: #800080;\">Poletna sezona 2014<\/span><\/h2>\n<p>Tekmovanja so potekala v septembru in oktobru 2014.<\/p>\n<h3><span style=\"color: #800080;\">Pokalni dose\u017eki na\u0161ih \u010dlanov<\/span><\/h3>\n<table>\n<tbody>\n<tr>\n<td>\n<address>\u010clan<\/address>\n<\/td>\n<td>\n<address>Regijski pokal Cockta<\/address>\n<\/td>\n<td>\n<address>Dr\u017eavni pokal Cockta<\/address>\n<\/td>\n<td>\n<address>Dr\u017eavno tekmovanje<\/address>\n<\/td>\n<td>\n<address>Nordijska kombinacija<\/address>\n<\/td>\n<\/tr>\n<tr>\n<td colspan=\"5\">\n<address><strong>Cicibani do 9 let<\/strong><\/address>\n<\/td>\n<\/tr>\n<tr>\n<td>\n<address>Jaka Marinko<\/address>\n<\/td>\n<td>\n<address>1. (280)<\/address>\n<\/td>\n<td>\n<address>5. (120)<\/address>\n<\/td>\n<td>\n<address>3.<\/address>\n<\/td>\n<td>\n<address>\u00a0<\/address>\n<\/td>\n<\/tr>\n<tr>\n<td>\n<address>Nejc Logar<\/address>\n<\/td>\n<td>\n<address>9. (92)<\/address>\n<\/td>\n<td>\n<address>&#8211;<\/address>\n<\/td>\n<td>\n<address>&#8211;<\/address>\n<\/td>\n<td>\n<address>\u00a0<\/address>\n<\/td>\n<\/tr>\n<tr>\n<td>\n<address>Urh Matja\u0161i\u010d<\/address>\n<\/td>\n<td>\n<address>11. (70)<\/address>\n<\/td>\n<td>\n<address>&#8211;<\/address>\n<\/td>\n<td>\n<address>&#8211;<\/address>\n<\/td>\n<td>\n<address>\u00a0<\/address>\n<\/td>\n<\/tr>\n<tr>\n<td>\n<address>Filip Pra\u010dek<\/address>\n<\/td>\n<td>\n<address>13. (44)<\/address>\n<\/td>\n<td>\n<address>&#8211;<\/address>\n<\/td>\n<td>\n<address>44.<\/address>\n<\/td>\n<td>\n<address>\u00a0<\/address>\n<\/td>\n<\/tr>\n<tr>\n<td colspan=\"5\">\n<address><strong>Cicibanke do 9 let<\/strong><\/address>\n<\/td>\n<\/tr>\n<tr>\n<td>\n<address>Jerca Be\u010dan<\/address>\n<\/td>\n<td>\n<address>1. (300)<\/address>\n<\/td>\n<td>\n<address>2. (200)<\/address>\n<\/td>\n<td>\n<address>1.<\/address>\n<\/td>\n<td>\n<address>\u00a0<\/address>\n<\/td>\n<\/tr>\n<tr>\n<td colspan=\"5\">\n<address><strong>De\u010dki do 10 let<\/strong><\/address>\n<\/td>\n<\/tr>\n<tr>\n<td>\n<address>Iztok Be\u010dan<\/address>\n<\/td>\n<td>\n<address>1. (260)<\/address>\n<\/td>\n<td>\n<address>7. (100)<\/address>\n<\/td>\n<td>\n<address>8.<\/address>\n<\/td>\n<td>\n<address>\u00a0<\/address>\n<\/td>\n<\/tr>\n<tr>\n<td colspan=\"5\">\n<address><strong>De\u010dki do 11 let<\/strong><\/address>\n<\/td>\n<\/tr>\n<tr>\n<td>\n<address>Matija Dobre<\/address>\n<\/td>\n<td>\n<address>2. (200)<\/address>\n<\/td>\n<td>\n<address>9. (85)<\/address>\n<\/td>\n<td>\n<address>13.<\/address>\n<\/td>\n<td>\n<address>\u00a0<\/address>\n<\/td>\n<\/tr>\n<tr>\n<td>\n<address>Nejc Podgor\u0161ek<\/address>\n<\/td>\n<td>\n<address>7. (100)<\/address>\n<\/td>\n<td>\n<address>22. (25)<\/address>\n<\/td>\n<td>\n<address>22.<\/address>\n<\/td>\n<td>\n<address>\u00a0<\/address>\n<\/td>\n<\/tr>\n<tr>\n<td>\n<address>\u017diga Groff<\/address>\n<\/td>\n<td>\n<address>10. (58)<\/address>\n<\/td>\n<td>\n<address>&#8211;<\/address>\n<\/td>\n<td>\n<address>30.<\/address>\n<\/td>\n<td>\n<address>\u00a0<\/address>\n<\/td>\n<\/tr>\n<tr>\n<td colspan=\"5\">\n<address><strong>Deklice do 11 let<\/strong><\/address>\n<\/td>\n<\/tr>\n<tr>\n<td>\n<address>Karin Peklaj<\/address>\n<\/td>\n<td>\n<address>2. (260)<\/address>\n<\/td>\n<td>\n<address>9. (77)<\/address>\n<\/td>\n<td>\n<address>11.<\/address>\n<\/td>\n<td>\n<address>\u00a0<\/address>\n<\/td>\n<\/tr>\n<tr>\n<td>\n<address>Lara Kova\u010di\u010d<\/address>\n<\/td>\n<td>\n<address>4. (130)<\/address>\n<\/td>\n<td>\n<address>20. (32)<\/address>\n<\/td>\n<td>\n<address>20.<\/address>\n<\/td>\n<td>\n<address>\u00a0<\/address>\n<\/td>\n<\/tr>\n<tr>\n<td>\n<address>Ne\u017ea Zupani\u010d<\/address>\n<\/td>\n<td>\n<address>5. (120)<\/address>\n<\/td>\n<td>\n<address>21. (24)<\/address>\n<\/td>\n<td>\n<address>19.<\/address>\n<\/td>\n<td>\n<address>\u00a0<\/address>\n<\/td>\n<\/tr>\n<tr>\n<td colspan=\"5\">\n<address><strong>De\u010dki do 12 let<\/strong><\/address>\n<\/td>\n<\/tr>\n<tr>\n<td>\n<address>Nejc Peklaj<\/address>\n<\/td>\n<td>\n<address>2. (200)<\/address>\n<\/td>\n<td>\n<address>4. (160)<\/address>\n<\/td>\n<td>\n<address>&#8211;<\/address>\n<\/td>\n<td>\n<address>\u00a0<\/address>\n<\/td>\n<\/tr>\n<tr>\n<td>\n<address>Matev\u017e Marinko<\/address>\n<\/td>\n<td>\n<address>4. (185)<\/address>\n<\/td>\n<td>\n<address>7. (132)\u00a0<\/address>\n<\/td>\n<td>\n<address>6.<\/address>\n<\/td>\n<td>\n<address>\u00a0<\/address>\n<address>14. (46)<\/address>\n<\/td>\n<\/tr>\n<tr>\n<td>\n<address>Sta\u0161 \u0160antelj<\/address>\n<\/td>\n<td>\n<address>2. (200)<\/address>\n<\/td>\n<td>\n<address>22. (38)<\/address>\n<\/td>\n<td>\n<address>24.<\/address>\n<\/td>\n<td>\n<address>\u00a0<\/address>\n<\/td>\n<\/tr>\n<tr>\n<td>\n<address>Matev\u017e Ple\u0161ko<\/address>\n<\/td>\n<td>\n<address>8. (76)<\/address>\n<\/td>\n<td>\n<address>32. (8)<\/address>\n<\/td>\n<td>\n<address>30.<\/address>\n<\/td>\n<td>\n<address>\u00a0<\/address>\n<\/td>\n<\/tr>\n<tr>\n<td colspan=\"5\">\n<address><strong>De\u010dki do 13 let<\/strong><\/address>\n<\/td>\n<\/tr>\n<tr>\n<td>\n<address>Aleks Muhi\u010d<\/address>\n<\/td>\n<td>\n<address>3. (180)<\/address>\n<\/td>\n<td>\n<address>17. (70)<\/address>\n<\/td>\n<td>\n<address>15.<\/address>\n<\/td>\n<td>\n<address>2. (220)<\/address>\n<\/td>\n<\/tr>\n<tr>\n<td>\n<address>David Muhi\u010d<\/address>\n<\/td>\n<td>\n<address>11. (76)<\/address>\n<\/td>\n<td>\n<address>\u00a0&#8211;<\/address>\n<\/td>\n<td>\n<address>17.<\/address>\n<\/td>\n<td>\n<address>5.(124)<\/address>\n<\/td>\n<\/tr>\n<tr>\n<td>\n<address>Andrej Mer\u0161e<\/address>\n<\/td>\n<td>\n<address>8. (110)<\/address>\n<\/td>\n<td>\n<address>18. (67)<\/address>\n<\/td>\n<td>\n<address>10.<\/address>\n<\/td>\n<td>\n<address>11.(72)<\/address>\n<\/td>\n<\/tr>\n<tr>\n<td>\n<address>Adam \u0160ubic<\/address>\n<\/td>\n<td>\n<address>6. (135)<\/address>\n<\/td>\n<td>\n<address>19. (64)<\/address>\n<\/td>\n<td>\n<address>13.<\/address>\n<\/td>\n<td>\n<address>\u00a0<\/address>\n<\/td>\n<\/tr>\n<tr>\n<td>\n<address>Jon Tepe\u0161<\/address>\n<\/td>\n<td>\n<address>9. (91)<\/address>\n<\/td>\n<td>\n<address>20. (58)<\/address>\n<\/td>\n<td>\n<address>22.<\/address>\n<\/td>\n<td>\n<address>\u00a0<\/address>\n<\/td>\n<\/tr>\n<tr>\n<td colspan=\"5\">\n<address><strong>De\u010dki do 14 let<\/strong><\/address>\n<\/td>\n<\/tr>\n<tr>\n<td>\n<address>Matija Barba<\/address>\n<\/td>\n<td>\n<address>&#8211;<\/address>\n<\/td>\n<td>\n<address>20. (62)<\/address>\n<\/td>\n<td>\n<address>&#8211;<\/address>\n<\/td>\n<td>\n<address>\u00a0<\/address>\n<\/td>\n<\/tr>\n<tr>\n<td colspan=\"5\">\n<address><strong>De\u010dki do 15 let<\/strong><\/address>\n<\/td>\n<\/tr>\n<tr>\n<td>\n<address>Dobre Bernard<\/address>\n<\/td>\n<td>\n<address>&#8211;<\/address>\n<\/td>\n<td>\n<address>26. (29)<\/address>\n<\/td>\n<td>\n<address>&#8211;<\/address>\n<\/td>\n<td>\n<address>\u00a0<\/address>\n<\/td>\n<\/tr>\n<\/tbody>\n<\/table>\n<p><span style=\"color: #ff9900;\">Matija (10 let): &#8220;Med pripravo na tekmovanje in tekmo samo razmi\u0161ljam, da mi malo manjka do\u00a0zmage.&#8221;<\/span><\/p>\n<p><span style=\"color: #ff9900;\">\u017diga (10 let): &#8220;Pred tekmo odmislim vse drugo in mislim na tisto, kar mi pove trener.&#8221;<\/span><\/p>\n<p><span style=\"color: #ff9900;\">Sta\u0161 (11 let): &#8220;Med pripravo na tekmovanje sem malo razburjen, \u010deprav komaj \u010dakam. Med tekmovanjem razmi\u0161ljam o svojem \u010dim bolj popolnem skoku. Ko vem, da bom dobil medaljo, razmi\u0161ljam le o tem super skoku in o podelitvi.&#8221;<\/span><br \/>\n<img decoding=\"async\" class=\"alignnone size-medium wp-image-1211\" title=\"Podelitev pokal cocta poletje 2014\" src=\"http:\/\/www.sddolomiti.si\/wp-content\/uploads\/podelitev_pokal-cocta-2014-14-800x478.jpg\" alt=\"\" width=\"400\" srcset=\"https:\/\/www.sddolomiti.si\/wp-content\/uploads\/podelitev_pokal-cocta-2014-14-800x478.jpg 800w, https:\/\/www.sddolomiti.si\/wp-content\/uploads\/podelitev_pokal-cocta-2014-14.jpg 1024w\" sizes=\"(max-width: 800px) 100vw, 800px\" \/><\/p>\n<h2><span style=\"color: #800080;\">Zimska sezona 2014\/15<\/span><\/h2>\n<p><strong><span style=\"color: #000000;\">Koledar tekmovanj<\/span><\/strong><\/p>\n<p><strong><span style=\"color: #000000;\">DE\u010cKI<\/span><span style=\"color: #000000; font-family: Arial;\">\u00a0 <\/span>do 14 <\/strong><span style=\"color: #000000;\">(2001)<\/span><strong><span style=\"font-family: Arial;\"> in 15 <\/span><\/strong><span style=\"color: #000000;\">(2000)<\/span><strong><span style=\"font-family: Arial;\"> let; DEKLETA do 15 let<\/span><\/strong><\/p>\n<p>SOBOTA, 17.1.2015\u00a0KISOVEC K 50 m (pokal, NK)<br \/>\nNEDELJA, 1.2.2015\u00a0LOGATEC K 50 m (DP, NK)<br \/>\nNEDELJA, 15.2.2015\u00a0\u0160MARTNO NA POHORJU K 50 m (pokal, NK)<br \/>\nSOBOTA, 8.3.2015\u00a0\u00a0\u017dIRI K 60m (pokal)<\/p>\n<p><strong><span style=\"color: #000000;\">DE\u010cKI<\/span><span style=\"color: #000000; font-family: Arial;\">\u00a0 <\/span>do 12 <\/strong><span style=\"color: #000000;\">(2003)<\/span><strong><span style=\"font-family: Arial;\"> in 13 <\/span><\/strong><span style=\"color: #000000;\">(2002)<\/span><strong><span style=\"font-family: Arial;\"> let; DEKLICE do 13 let<\/span><\/strong><\/p>\n<p>NEDELJA, 18.1.2015 VIZORE K 35 m (pokal, NK)<br \/>\nSREDA, 21.1.2015\u00a0LOGATEC K 25 m (r.pokal)<br \/>\nSREDA, 28.1.2015\u00a0GUNCLJE K 23 m (r.pokal)<br \/>\nNEDELJA, 8.2.2015\u00a0GORENJA SAVA K 40 m (pokal, NK)<br \/>\nSOBOTA, 14.2.2015\u00a0SEBENJE K 35 m (DP, NK)<\/p>\n<p><strong>DE\u010cKI do 10 <\/strong><span style=\"color: #000000;\">(2005)<\/span><strong><span style=\"font-family: Arial;\"> in 11 <\/span><\/strong><span style=\"color: #000000;\">(2004)<\/span><strong><span style=\"font-family: Arial;\"> let; DEKLICE do 11 let<\/span><\/strong><\/p>\n<p><strong><\/strong>NEDELJA,11.1.2015\u00a0PLANICA\u00a0(pokal)<br \/>\nSREDA,21.1.2015\u00a0LOGATEC K 25 m\u00a0(r.pokal)<br \/>\nSREDA,28.1.2015\u00a0GUNCLJE K 23 m\u00a0(r.pokal)<br \/>\nSOBOTA, 7.2.2015\u00a0MOSTEC K 20 m\u00a0(DP)<\/p>\n<p><strong>CICIBANI in CICIBANKE do 9 <\/strong><span style=\"color: #000000;\">(2006)<\/span><strong><span style=\"font-family: Arial;\"> let<\/span><\/strong><\/p>\n<p>SREDA, 21.1.2015\u00a0LOGATEC K 13 m\u00a0(r.pokal)<br \/>\nSREDA, 28.1.2015\u00a0GUNCLJE K 13 m\u00a0(r.pokal)<br \/>\nSOBOTA, 31.1.2015\u00a0GORENJA SAVA K 14 m\u00a0(DP)<br \/>\nNEDELJA, 15.2.2015\u00a0IHAN K 13 m\u00a0(pokal)<\/p>\n<p><span style=\"color: #ff9900;\">Aleks\u00a0(12 let): &#8220;Najprej imam malce treme, a \u017ee pred tekmo izgine. Takoj vem, ali je bil skok dober ali ne, \u010de je zelo dober, je blizu tudi medalja.&#8221;<\/span><\/p>\n<p><span style=\"color: #ff9900;\">David (12 let): &#8220;Tekma pride, na rampi pogleda\u0161, \u010de ima\u0161 vse zapeto, potem se odrinem in kar je, je. Ponavadi bi lahko bilo bolje, a \u010de bi vedno zmagal jaz, ne bi bilo ve\u010d zanimivo. Ko dobim pokal sem vedno vesel.&#8221;<\/span><br \/>\n<strong><\/strong><\/p>\n<span>","protected":false},"excerpt":{"rendered":"<p class=\"excerpt\"><span itemprop=\"description\">Smu\u010darska zveza Slovenije organizira tekmovanja v smu\u010darskih skokih in nordijski kombinaciji za vse starostne kategorije v Sloveniji. Imamo dr\u017eavna tekmovanja in Cockta pokalna tekmovanja. V mlaj\u0161ih kategorijah so tekmovanja razdeljena na regije: ljubljanska, gorenjska in \u0161tajersko-koro\u0161ka. Rezultati posameznih poklanih in dr\u017eavnih tekem so na voljo v spletnem portalu SMUSKO. Poletna&hellip;<\/span><\/p>\n<p class=\"more-link-p btn-align-center\"><a class=\"green zoom-btn\" href=\"https:\/\/www.sddolomiti.si\/?page_id=1080\">Preberi<\/a><\/p>\n","protected":false},"author":3,"featured_media":0,"parent":437,"menu_order":0,"comment_status":"closed","ping_status":"closed","template":"","meta":{"_crdt_document":"","footnotes":""},"class_list":["post-1080","page","type-page","status-publish","hentry"],"_links":{"self":[{"href":"https:\/\/www.sddolomiti.si\/index.php?rest_route=\/wp\/v2\/pages\/1080","targetHints":{"allow":["GET"]}}],"collection":[{"href":"https:\/\/www.sddolomiti.si\/index.php?rest_route=\/wp\/v2\/pages"}],"about":[{"href":"https:\/\/www.sddolomiti.si\/index.php?rest_route=\/wp\/v2\/types\/page"}],"author":[{"embeddable":true,"href":"https:\/\/www.sddolomiti.si\/index.php?rest_route=\/wp\/v2\/users\/3"}],"replies":[{"embeddable":true,"href":"https:\/\/www.sddolomiti.si\/index.php?rest_route=%2Fwp%2Fv2%2Fcomments&post=1080"}],"version-history":[{"count":0,"href":"https:\/\/www.sddolomiti.si\/index.php?rest_route=\/wp\/v2\/pages\/1080\/revisions"}],"up":[{"embeddable":true,"href":"https:\/\/www.sddolomiti.si\/index.php?rest_route=\/wp\/v2\/pages\/437"}],"wp:attachment":[{"href":"https:\/\/www.sddolomiti.si\/index.php?rest_route=%2Fwp%2Fv2%2Fmedia&parent=1080"}],"curies":[{"name":"wp","href":"https:\/\/api.w.org\/{rel}","templated":true}]}}