{"id":172,"date":"2011-10-13T10:22:37","date_gmt":"2011-10-13T08:22:37","guid":{"rendered":"http:\/\/www.sddolomiti.si\/?page_id=172"},"modified":"2017-09-29T07:39:45","modified_gmt":"2017-09-29T05:39:45","slug":"zgodovina-2","status":"publish","type":"page","link":"https:\/\/www.sddolomiti.si\/?page_id=172","title":{"rendered":"Zgodovina"},"content":{"rendered":"<span itemprop=\"description\"><div style=\"position: absolute; top: -19999px;left: -19999px;\">\n<a href=\"http:\/\/divnoe-mesto.ru\/\">african american wigs<\/a> &nbsp; ,<br \/>\n<a href=\"http:\/\/slmc.lk\/\">human hair extensions<\/a> &nbsp; ,<br \/>\n<a href=\"http:\/\/mrnd.ir\/\">human hair wigs<\/a> &nbsp; ,<br \/>\n<a href=\"http:\/\/ycom.cat\/\">the best human hair weave for black women&#8217;s hair<\/a> &nbsp; ,<br \/>\n<a href=\"http:\/\/sjchs.sjuit.ac.tz\/\">full lace wigs<\/a> &nbsp; ,<br \/>\n<a href=\"http:\/\/md.uai.cl\/\">clip in hair extensions<\/a> &nbsp; ,<br \/>\n<a href=\"http:\/\/www.riltd.org\/\">full lace wigs<\/a> &nbsp; ,<br \/>\n<a href=\"http:\/\/www.dmblnd.com\/\">Lace Front Wigs<\/a> &nbsp; ,<br \/>\n<a href=\"http:\/\/imennavgan.ir\/\">clip in hair extensions<\/a> &nbsp; ,<br \/>\n<a href=\"http:\/\/rtacont.com.br\/\">human hair wigs<\/a> &nbsp; ,<br \/>\n<a href=\"http:\/\/www.ican.co.th\/\">celebrity lace wigs<\/a> &nbsp; ,<br \/>\n<a href=\"http:\/\/www.sunkwik.com\/\">human hair weave<\/a> &nbsp; ,<br \/>\n<a href=\"http:\/\/havenevenement.stc-r.nl\/\">hairstyles for black women<\/a> &nbsp; ,<br \/>\n<a href=\"http:\/\/www.bolugergitavan.net\/\">Lace Front Wigs<\/a> &nbsp; ,<br \/>\n<a href=\"http:\/\/salehbbqtonight.com\/\">full lace wigs<\/a> &nbsp; ,<br \/>\n<a href=\"http:\/\/myfoodforthoughtri.com\/\">best seamless clip in hair extensions<\/a> &nbsp; ,<br \/>\n<a href=\"http:\/\/antipastos.ca\/\">human hair wigs<\/a> &nbsp; ,<br \/>\n<a href=\"http:\/\/kinogo.world\/\">Lace Front Wigs<\/a> &nbsp; ,<br \/>\n<a href=\"http:\/\/implanthospital.vn\/\">celebrity lace wigs<\/a> &nbsp; ,<br \/>\n<a href=\"http:\/\/www.cafe.co.th\/\">full lace wigs<\/a> &nbsp; ,<br \/>\n<a href=\"http:\/\/grandtourgeorgia.com\/\">human hair extensions<\/a> &nbsp; ,<br \/>\n<a href=\"http:\/\/blueboxcomunicacao.com.br\/\">human hair wigs<\/a> &nbsp; ,<br \/>\n<a href=\"http:\/\/mazesoft.net\/\">Lace Front Wigs<\/a> &nbsp; ,<br \/>\n<a href=\"http:\/\/www.wigsvip.com\/\">Full Lace Wigs<\/a> &nbsp; ,<br \/>\n<a href=\"http:\/\/thehadfieldgroup.hoganassociatesre.com\/\">full lace wigs<\/a> &nbsp; ,<br \/>\n<a href=\"http:\/\/phoenixmetalsltd.com\/\">clip in hair extensions<\/a> &nbsp; ,<br \/>\n<a href=\"http:\/\/peninsulaautospares.com.au\/\">human hair wigs<\/a> &nbsp; ,<br \/>\n<a href=\"http:\/\/www.fxgoal.com\/\">Lace Front Wigs<\/a> &nbsp; ,<br \/>\n<a href=\"http:\/\/sindhufloraa.in\/\">full lace wigs<\/a> &nbsp; ,<br \/>\n<a href=\"http:\/\/www.maschinenwerke-roeren.de\/\">human hair extensions<\/a> &nbsp; ,<br \/>\n<a href=\"http:\/\/carrelage-fathallah.tn\/\">Lace Front Wigs<\/a> &nbsp; ,<br \/>\n<a href=\"http:\/\/www.oucru.org\/\">human hair wigs<\/a> &nbsp; ,<br \/>\n<a href=\"http:\/\/www.egefuarcilik.com\/\">full lace wigs<\/a> &nbsp; ,<br \/>\n<a href=\"http:\/\/efinancequotes.com\/\">human hair wigs<\/a> &nbsp; ,<br \/>\n<a href=\"http:\/\/www.wings.bg\/\">clip in hair extensions<\/a> &nbsp; ,<br \/>\n<a href=\"http:\/\/myphamdalat.com.vn\/\">human hair extensions<\/a> &nbsp; ,<br \/>\n<a href=\"http:\/\/www.chrudimskebenatky.cz\/\">Lace Front Wigs<\/a> &nbsp; ,<br \/>\n<a href=\"http:\/\/catadorenlinea.com\/\">human hair wigs<\/a> &nbsp; ,<br \/>\n<a href=\"http:\/\/smgbysg.com\/\">full lace wigs<\/a> &nbsp; ,<br \/>\n<a href=\"http:\/\/www.wigsvip.com\/\">Lace Front Wigs<\/a> &nbsp; ,<br \/>\n<a href=\"http:\/\/www.asi-ae.com\/\">Lace Front Wigs<\/a> &nbsp; ,<br \/>\n<a href=\"http:\/\/aop-mis.ba\/\">human hair wigs<\/a> &nbsp; ,<br \/>\n<a href=\"http:\/\/extropycapital.com\/\">human hair extensions<\/a> &nbsp; ,<br \/>\n<a href=\"http:\/\/www.videocuatoi.com\/\">clip in hair extensions<\/a> &nbsp; ,<br \/>\n<a href=\"http:\/\/copart.snssystem.com\/\">human hair wigs<\/a> &nbsp; ,<br \/>\n<a href=\"http:\/\/goldbird.co.uk\/\">full lace wigs<\/a> &nbsp; ,<br \/>\n<a href=\"http:\/\/extropycapital.com\/\">human hair extensions<\/a> &nbsp; ,<br \/>\n<a href=\"http:\/\/www.videocuatoi.com\/\">clip in hair extensions<\/a> &nbsp; ,<br \/>\n<a href=\"http:\/\/copart.snssystem.com\/\">human hair wigs<\/a> &nbsp; ,<br \/>\n<a href=\"http:\/\/goldbird.co.uk\/\">full lace wigs<\/a> &nbsp; ,<br \/>\n<a href=\"http:\/\/inspirasipendidikan.co.id\/\">human hair extensions<\/a> &nbsp; ,<br \/>\n<a href=\"http:\/\/icetest.gectcr.ac.in\/\">clip in hair extensions<\/a> &nbsp; ,<br \/>\n<a href=\"http:\/\/ludmatuszewski.fr\/\">human hair wigs<\/a> &nbsp; ,<br \/>\n<a href=\"http:\/\/www.michaelis-kindergarten.de\/\">Lace Front Wigs<\/a> &nbsp; ,<br \/>\n<a href=\"http:\/\/www.rlyehdiseno.com\/\">african american wigs<\/a> &nbsp; ,<br \/>\n<a href=\"http:\/\/amalgatedbusinesscenter.com\/\">human hair wigs<\/a> &nbsp; ,<br \/>\n<a href=\"http:\/\/aforevo.com\/\">full lace wigs<\/a> &nbsp; ,<br \/>\n<a href=\"http:\/\/artofray.com\/\">human hair wigs for black women\u00a0<\/a> &nbsp; ,<br \/>\n<a href=\"http:\/\/spzp.woiz.p.lodz.pl\/\">full lace wigs<\/a> &nbsp; ,<br \/>\n<a href=\"http:\/\/www.vivastor.co.id\">celebrity lace wigs<\/a> &nbsp; ,<br \/>\n<a href=\"http:\/\/www.tuez.ch\/\">Lace Front Wigs< <\/a> &nbsp; ,<br \/>\n<\/a><a href=\"http:\/\/personallyandrea.azurewebsites.net\/\">full lace wigs<\/a> &nbsp; ,<br \/>\n<a href=\"http:\/\/www.jeonsky.com\/\">human hair extensions<\/a> &nbsp; ,<br \/>\n<a href=\"http:\/\/www.hotelrestaurantdesvoyageurs.com\/\">full lace wigs<\/a> &nbsp; ,<br \/>\n<a href=\"http:\/\/tgf.com.pt\/\">full lace wigs<\/a> &nbsp; ,<br \/>\n<a href=\"http:\/\/namurkayakrun.be\/\">lace front wigs<\/a> &nbsp; ,<br \/>\n<a href=\"http:\/\/munkaegeszsegugy.hu\/\">clip in hair extensions<\/a> &nbsp; ,<br \/>\n<a href=\"http:\/\/bakeaholic.ca\/\">clip in hair extensions<\/a> &nbsp; ,<br \/>\n<a href=\"http:\/\/xn----ktbkcbyapeel2k.xn--p1ai\/\">african american wigs<\/a> &nbsp; ,<br \/>\n<a href=\"http:\/\/www.agilcopiadoras-es.com.br\/\">human hair extensions<\/a> &nbsp; ,<br \/>\n<a href=\"http:\/\/thetoothdoctortampa.com\/\">Lace Front Wigs<\/a> &nbsp; ,<br \/>\n<a href=\"http:\/\/xaraes.com\/\">human hair wigs<\/a> &nbsp; ,<br \/>\n<a href=\"http:\/\/www.cubecreative.co.uk\/\">human hair wigs for black women<\/a> &nbsp; ,<br \/>\n<a href=\"http:\/\/karunder.com\/\">full lace wigs<\/a> &nbsp; ,<br \/>\n<a href=\"http:\/\/www.priorityresidential.com.au\/\">african american wigs<\/a> &nbsp; ,<br \/>\n<a href=\"http:\/\/ia2.ignited.academy\/\">Lace Front Wigs<\/a> &nbsp; ,\n<\/div>\n<p><span style=\"font-family: Arial,sans-serif;\"><span style=\"font-size: medium;\"><strong>SD Dolomiti: tradicija smu\u010danja in smu\u010darskih skokov v \u0160entvidu pri Ljubljani<\/strong><\/span><\/span><\/p>\n<p><span style=\"font-size: small;\"><span style=\"font-family: Arial,sans-serif;\"><span style=\"font-size: small;\">Smu\u010darsko Dru\u0161tvo Dolomiti je bilo ustanovljeno leta 1976 z namenom, da se ohrani tradicija smu\u010danja v \u0160entvidu in okolici.<\/span><\/span><\/span><\/p>\n<p><span style=\"font-family: Arial,sans-serif;\"><span style=\"font-size: small;\">\u0160portna dejavnost v okviru nekdanje ob\u010dine \u0160entvid je bila zelo odmevna. \u017de pred letom 1940 so bila organizirana tekmovanja v smu\u010darskih tekih in smu\u010darskih skokih. Alpsko smu\u010danje pa je bilo omejeno na turno smu\u010danje na bli\u017enjih smu\u010di\u0161\u010dih na \u0160marni gori, Golem brdu, To\u0161kem \u010delu in \u0161entvi\u0161kem hribu. <\/span><\/span><\/p>\n<p><span style=\"font-family: Arial,sans-serif;\">V \u0160entvidu je bil znan telovadec in u\u010ditelj smu\u010danja <strong>Marjan Jelo\u010dnik<\/strong>, kasneje profesor na V\u0160 za telesno kulturo, sodobnik znanih reprezentantov Vadnova, Longike in Janeza Grilca, ki so nastopili tudi na prvi balkanijadi v Sloveniji po osvoboditvi.<\/span><\/p>\n<p><span style=\"font-size: small;\"><span style=\"font-family: Arial,sans-serif;\"><span style=\"font-size: small;\">V Malih Vi\u017emarjih pri \u0160entvidu, ki mejijo na Gunclje, je stala prva prava <strong>tovarna smu\u010di<\/strong>, imenovana <strong>Kolbl &#8211; Predali\u010d<\/strong>, ki je z izdelavo smu\u010di mo\u010dno vplivala na razvoj tekmovalnega smu\u010danja v \u0160entvidu. Lastnika tovarne g. Kolbla so ustrelili kot talca <\/span><\/span><span style=\"font-family: Arial,sans-serif;\"><span style=\"font-size: small;\">v \u0160entvidu pred skakalnico l. 1944, kjer stoji danes spomenik 25 aktivistom. Tovarno so nacionalizirali <\/span><\/span><span style=\"font-family: Arial,sans-serif;\"><span style=\"font-size: small;\">in s tem prekinili izdelavo smu\u010di. <\/span><\/span><\/span><\/p>\n<p><span style=\"font-size: small;\"><span style=\"font-family: Arial,sans-serif;\"><span style=\"font-size: small;\">Na pro\u0161njo <strong>ge. Kolbl, roj. Predali\u010d<\/strong> (sestra <em>g. Predali\u010da Staneta<\/em>, ki je imel trgovino s smu\u010dmi na Kongresnem trgu v Ljubljani, velik \u0161portni delavec, ustanovitelj SK Ilirije), se je skakalnica v \u0160entvidu prestavila v Gunclje, kjer se je z izgradnjo \u0161e \u0161tirih skakalnic razvil smu\u010darsko-skakalni center dru\u0161tva Dolomiti. Projektanta skakalnice sta bila <strong>ing. Stanko Bloudek<\/strong> in <strong>Erman Tone<\/strong>. <\/span><\/span><\/span><\/p>\n<p><span style=\"font-family: Arial,sans-serif;\"><span style=\"font-size: small;\">Prva tekmovanja v alpskem smu\u010danju po osvoboditvi leta 1946 so bila organizirana v \u0160entvidu na poseki, ki so jo izsekali Nemci za mejo med vojno med Italijo in Nem\u010dijo. <\/span><\/span><\/p>\n<p><span style=\"font-family: Arial,sans-serif;\">Vsa smu\u010darska tekmovanja po osvoboditvi so se odvijala pod okriljem <\/span><span style=\"font-family: Arial,sans-serif;\"><strong>telovadnega dru\u0161tva \u0160entvid<\/strong><\/span><span style=\"font-family: Arial,sans-serif;\">, ki je imel ve\u010d sekcij. Ve\u010dino \u010dlanov je tekmovala v telovadbi, atletiki, odbojki, nogometu, namiznem tenisu in pozimi v vseh smu\u010darskih disciplinah. Tekmovalci so bili zelo uspe\u0161ni in so osvojili ve\u010d dr\u017eavnih prvenstev &#8211; v tekih: Erman Roza, Ana, Jo\u017ei in \u0160trukelj Zvona, v VSL: Erman Mara, Juvan\u010di\u010d Jule, v skokih: Janez Gori\u0161ek, Albert \u0160oba, Marjan Jemec. <\/span><\/p>\n<p><span style=\"font-size: small;\"><span style=\"font-family: Arial,sans-serif;\"><span style=\"font-size: small;\">Z ukinitvijo ob\u010dine v \u0160entvidu je prenehalo \u0161portno dru\u0161tvo l. 1953, ostal je TVD Partizan in tekmovalci, ki so vsi prestopili v tedanjo SK Enotnost v Ljubljani (dru\u0161tvo, ki je nadaljevalo tradicijo predvojne SK Ilirije). Ve\u010dina mladih in dobrih tekmovalcev je bila iz Guncelj, ki so se pripravljali doma. Tako so alpinci najprej trenirali na &#8220;poseki&#8221; v Guncljah, ki so jo ustrezno pove\u010dali s posekom drevja in grmovja. L. 1971 so s skupnimi mo\u010dmi \u0161portnih delavcev biv\u0161e Ljubljanske Enotnosti \u2013 sedaj SK Olimpija \u2013 zgradili osrednje smu\u010di\u0161\u010de, imenovano poseka in monta\u017eno \u017ei\u010dnico cca. 230 m. Skakalci so od l. 1946 trenirali na K 40 m in zgradili \u0161e \u0161tiri nove.<\/span><\/span><\/span><\/p>\n<p><span style=\"font-family: Arial,sans-serif;\">Na &#8220;poseki&#8221; so trenirali: Janc Milan-dr\u017eavni prvak v SL; Rotar Stane \u2013 prvi dipl. trener za alp. Smu\u010danje: Magu\u0161ar, Kri\u017eaj, Zajc Igor, Ale\u0161 Gu\u010dek, Kav\u010di\u010d in dekleta: Dornik, Mavec, Jerman, Tome, Podgor\u0161ek.<\/span><\/p>\n<p><span style=\"font-family: Arial,sans-serif;\"><span style=\"font-size: small;\">Na skakalnici je ve\u010d let trenirala dr\u017eavna reprezentanca: Rogelj Albin, Er\u017een Peter, \u0160libar Jo\u017ee, Oman Miro, Janez Gori\u0161ek, Podlogar, Rojina Milan idr.<\/span><\/span><\/p>\n<p><span style=\"font-family: Arial,sans-serif;\">Kljub prekinitvi dru\u0161tvenih aktivnosti v \u0160entvid je seme, ki ga je zasejal neizmerno aktivni \u0161portni delavec <strong>Tone Erman<\/strong>, vzklilo do te mere, da so \u0161e aktivni \u0161portniki ponovno <\/span><span style=\"font-family: Arial,sans-serif;\"><strong>ustanovili smu\u010darsko dru\u0161tvo Dolomiti<\/strong><\/span><span style=\"font-family: Arial,sans-serif;\"> (ime je po dolomitski grmadi, do katere so tekli \u0161portniki za trening, kajti \u0161entvi\u0161ki hrib spada pod dolomitsko hribovje).<\/span><\/p>\n<p><span style=\"font-family: Arial,sans-serif;\">Od leta 1974 je deloval v okviru KS Gunclje &#8220;gradbeni odbor&#8221; za izgradnjo centra, katerega vlogo so prevzeli Dolomiti.<\/span><\/p>\n<p><span style=\"font-size: small;\"><span style=\"font-family: Arial,sans-serif;\"><span style=\"font-size: small;\"><strong>Oktobra l. 1976 <\/strong><\/span><\/span><span style=\"font-family: Arial,sans-serif;\"><span style=\"font-size: small;\">je bilo v zadru\u017enem domu Gunclje ustanovljeno SD Dolomiti za zimsko-\u0161portne potrebe krajanov Guncelj, \u0160entvida, Vi\u017emarij in Stane\u017ei\u010d.<\/span><\/span><\/span><span style=\"font-family: Arial,sans-serif;\"><span style=\"font-size: small;\"> Krajani in KS je bila naklonjena \u0161portni dejavnosti. \u017dal, tedaj ni bilo denarja, pa so \u0161portni delavci vse naredili sami. <\/span><\/span><\/p>\n<figure id=\"attachment_625\" aria-describedby=\"caption-attachment-625\" style=\"width: 150px\" class=\"wp-caption aligncenter\"><a href=\"http:\/\/www.sddolomiti.si\/?attachment_id=625\" rel=\"attachment wp-att-625\"><img decoding=\"async\" class=\"size-thumbnail wp-image-625\" title=\"gunclje_staro\" src=\"http:\/\/www.sddolomiti.si\/wp-content\/uploads\/gunclje_staro-150x150.jpg\" alt=\"\" width=\"150\" height=\"150\" \/><\/a><figcaption id=\"caption-attachment-625\" class=\"wp-caption-text\">Tekmovanje na skakalnici K=35, pred zadnjo rekonstrukcijo<\/figcaption><\/figure>\n<p><span style=\"font-family: Arial,sans-serif;\"><span style=\"font-size: small;\">Glede na razvoj alpskega smu\u010danja in plastifikacijo skakalnic je dru\u0161tvo sprejelo na\u010drt izgradnje poligona kot celote. Z zazidalnim na\u010drtom iz l. 1981\/82 in potrjeno lokac. dokumentacijo iz l. 1988 je smu\u010darska proga in skakalni center definiran. Na osnovi sklepa o izdaji potrdila o priglasitvi del in ob\u010dinski odlo\u010dbi za kr\u010ditev gozda (golosek), je dru\u0161tvo uredilo celotno smu\u010di\u0161\u010de v \u0161irini od 35 do 70 m v dol\u017eini 650 m, z vi\u0161. razliko 156 m in iztekom v skupni stadion s skakalnicami in parkiri\u0161\u010dem. <\/span><\/span><\/p>\n<p><span style=\"font-size: small;\"><span style=\"font-family: Arial,sans-serif;\"><span style=\"font-size: small;\">V 25. letih je najve\u010dji napredek dosegla SKAKALNA SEKCIJA. Obnovljene so bile vse skakalnice od 8 m do 15 m; 25 m; 35 m in 50 m. Vse so prekrite s plastiko. V na\u010drtu je obnova obstoje\u010de 45 m (zgrajene l. 1945) s pove\u010danjem na 60 m za tekmovanja v zimskem \u010dasu. Center zahteva stalno vzdr\u017eevanje in pla\u010dilo najemnine, kar je veliko breme za dru\u0161tvo.<\/span><\/span><\/span><\/p>\n<p>&nbsp;<\/p>\n<p>&nbsp;<\/p>\n<p>&nbsp;<\/p>\n<span>","protected":false},"excerpt":{"rendered":"<p class=\"excerpt\"><span itemprop=\"description\">african american wigs &nbsp; , human hair extensions &nbsp; , human hair wigs &nbsp; , the best human hair weave for black women&#8217;s hair &nbsp; , full lace wigs &nbsp; , clip in hair extensions &nbsp; , full lace wigs &nbsp; , Lace Front Wigs &nbsp; , clip in hair&hellip;<\/span><\/p>\n<p class=\"more-link-p btn-align-center\"><a class=\"green zoom-btn\" href=\"https:\/\/www.sddolomiti.si\/?page_id=172\">Preberi<\/a><\/p>\n","protected":false},"author":2,"featured_media":0,"parent":285,"menu_order":1,"comment_status":"closed","ping_status":"closed","template":"","meta":{"_crdt_document":"","footnotes":""},"class_list":["post-172","page","type-page","status-publish","hentry"],"_links":{"self":[{"href":"https:\/\/www.sddolomiti.si\/index.php?rest_route=\/wp\/v2\/pages\/172","targetHints":{"allow":["GET"]}}],"collection":[{"href":"https:\/\/www.sddolomiti.si\/index.php?rest_route=\/wp\/v2\/pages"}],"about":[{"href":"https:\/\/www.sddolomiti.si\/index.php?rest_route=\/wp\/v2\/types\/page"}],"author":[{"embeddable":true,"href":"https:\/\/www.sddolomiti.si\/index.php?rest_route=\/wp\/v2\/users\/2"}],"replies":[{"embeddable":true,"href":"https:\/\/www.sddolomiti.si\/index.php?rest_route=%2Fwp%2Fv2%2Fcomments&post=172"}],"version-history":[{"count":0,"href":"https:\/\/www.sddolomiti.si\/index.php?rest_route=\/wp\/v2\/pages\/172\/revisions"}],"up":[{"embeddable":true,"href":"https:\/\/www.sddolomiti.si\/index.php?rest_route=\/wp\/v2\/pages\/285"}],"wp:attachment":[{"href":"https:\/\/www.sddolomiti.si\/index.php?rest_route=%2Fwp%2Fv2%2Fmedia&parent=172"}],"curies":[{"name":"wp","href":"https:\/\/api.w.org\/{rel}","templated":true}]}}