{"id":178,"date":"2011-10-13T10:29:32","date_gmt":"2011-10-13T08:29:32","guid":{"rendered":"http:\/\/www.sddolomiti.si\/?page_id=178"},"modified":"2018-01-14T23:46:05","modified_gmt":"2018-01-14T22:46:05","slug":"kdo-smo","status":"publish","type":"page","link":"https:\/\/www.sddolomiti.si\/?page_id=178","title":{"rendered":"\u010clani kluba"},"content":{"rendered":"<span itemprop=\"description\"><blockquote><p>Delovanje dru\u0161tva ustvarjajo njegovi \u010dlani in ostali simpatizerji. Vsak pa prispeva svoj del po svojih mo\u010deh in znanju. V nadaljevanju si podrobneje lahko pogledate vidne \u010dlane dru\u0161tva, ki ka\u017eejo svoj talent na tekmovanjih.<br \/>\n<!--more--><\/p><\/blockquote>\n<p align=\"LEFT\"><strong><em>Ve\u010d branja o tem:<\/em><\/strong><\/p>\n<div><a href=\"http:\/\/www.sddolomiti.si\/?page_id=453\"><strong><span style=\"color: violet;\">Vijoli\u010dna skupina<\/span><\/strong><\/a><\/div>\n<div><a href=\"http:\/\/www.sddolomiti.si\/?page_id=456\"><strong><span style=\"color: yellow;\">Rumena skupina<\/span><\/strong><\/a><\/div>\n<div><a href=\"http:\/\/www.sddolomiti.si\/?page_id=2631\"><strong><span style=\"color: green;\">Zelena skupina<\/span><\/strong><\/a><\/div>\n<div><a href=\"http:\/\/www.sddolomiti.si\/?page_id=1065\"><strong><span style=\"color: blue;\">Modra skupina<\/span><\/strong><\/a><\/div>\n<span>","protected":false},"excerpt":{"rendered":"<p class=\"excerpt\"><span itemprop=\"description\">Delovanje dru\u0161tva ustvarjajo njegovi \u010dlani in ostali simpatizerji. Vsak pa prispeva svoj del po svojih mo\u010deh in znanju. V nadaljevanju si podrobneje lahko pogledate vidne \u010dlane dru\u0161tva, ki ka\u017eejo svoj talent na tekmovanjih.<\/span><\/p>\n<p class=\"more-link-p btn-align-center\"><a class=\"green zoom-btn\" href=\"https:\/\/www.sddolomiti.si\/?page_id=178\">Preberi<\/a><\/p>\n","protected":false},"author":2,"featured_media":0,"parent":0,"menu_order":3,"comment_status":"closed","ping_status":"closed","template":"","meta":{"_crdt_document":"","footnotes":""},"class_list":["post-178","page","type-page","status-publish","hentry"],"_links":{"self":[{"href":"https:\/\/www.sddolomiti.si\/index.php?rest_route=\/wp\/v2\/pages\/178","targetHints":{"allow":["GET"]}}],"collection":[{"href":"https:\/\/www.sddolomiti.si\/index.php?rest_route=\/wp\/v2\/pages"}],"about":[{"href":"https:\/\/www.sddolomiti.si\/index.php?rest_route=\/wp\/v2\/types\/page"}],"author":[{"embeddable":true,"href":"https:\/\/www.sddolomiti.si\/index.php?rest_route=\/wp\/v2\/users\/2"}],"replies":[{"embeddable":true,"href":"https:\/\/www.sddolomiti.si\/index.php?rest_route=%2Fwp%2Fv2%2Fcomments&post=178"}],"version-history":[{"count":0,"href":"https:\/\/www.sddolomiti.si\/index.php?rest_route=\/wp\/v2\/pages\/178\/revisions"}],"wp:attachment":[{"href":"https:\/\/www.sddolomiti.si\/index.php?rest_route=%2Fwp%2Fv2%2Fmedia&parent=178"}],"curies":[{"name":"wp","href":"https:\/\/api.w.org\/{rel}","templated":true}]}}