{"id":185,"date":"2011-10-13T10:35:59","date_gmt":"2011-10-13T08:35:59","guid":{"rendered":"http:\/\/www.sddolomiti.si\/?page_id=185"},"modified":"2019-10-22T17:19:44","modified_gmt":"2019-10-22T15:19:44","slug":"tekmovalci","status":"publish","type":"page","link":"https:\/\/www.sddolomiti.si\/?page_id=185","title":{"rendered":"\u010clani"},"content":{"rendered":"<span itemprop=\"description\"><h2>Tekmovalci in tekmovalke<\/h2>\n<p><a href=\"http:\/\/www.sddolomiti.si\/?attachment_id=731\" rel=\"attachment wp-att-731\"><img decoding=\"async\" class=\"alignnone size-thumbnail wp-image-731\" title=\"Ski Jumping World Cup in Planica\" src=\"http:\/\/www.sddolomiti.si\/wp-content\/uploads\/64976922_tepes-150x150.jpg\" alt=\"\" width=\"150\" height=\"150\" align=\"right\" \/><\/a><\/p>\n<p><em>Slovenska A reprezentanca<\/em><br \/>\nJurij Tepe\u0161 (25 let) osebni rekod 244 m, najve\u010dji uspeh 1. mesto svetovni pokal v poletih v Planici<br \/>\nAnja Tepe\u0161 (23 let) osebni rekord 130 m, najve\u010dji uspeh 2x 8. mesto v svetovnem pokalu (Ljubno in Sochi), sedaj trenerka<\/p>\n<div>Jurij Tepe\u0161 (\u010dlan) 1989<\/div>\n<div>Bernard Dobre (dnpc) 2000<\/div>\n<div>Jon Tepe\u0161 (dnpc) 2002<\/div>\n<div>Adam \u0160ubic (dnpc) 2002<\/div>\n<div>David Muhi\u010d (dnpc) 2002<\/div>\n<div>Aleks Muhi\u010d (dnpc) 2002<\/div>\n<span>","protected":false},"excerpt":{"rendered":"<p class=\"excerpt\"><span itemprop=\"description\">Tekmovalci in tekmovalke Slovenska A reprezentanca Jurij Tepe\u0161 (25 let) osebni rekod 244 m, najve\u010dji uspeh 1. mesto svetovni pokal v poletih v Planici Anja Tepe\u0161 (23 let) osebni rekord 130 m, najve\u010dji uspeh 2x 8. mesto v svetovnem pokalu (Ljubno in Sochi), sedaj trenerka Jurij Tepe\u0161 (\u010dlan) 1989 Bernard&hellip;<\/span><\/p>\n<p class=\"more-link-p btn-align-center\"><a class=\"green zoom-btn\" href=\"https:\/\/www.sddolomiti.si\/?page_id=185\">Preberi<\/a><\/p>\n","protected":false},"author":2,"featured_media":0,"parent":178,"menu_order":4,"comment_status":"closed","ping_status":"closed","template":"","meta":{"_crdt_document":"","footnotes":""},"class_list":["post-185","page","type-page","status-publish","hentry"],"_links":{"self":[{"href":"https:\/\/www.sddolomiti.si\/index.php?rest_route=\/wp\/v2\/pages\/185","targetHints":{"allow":["GET"]}}],"collection":[{"href":"https:\/\/www.sddolomiti.si\/index.php?rest_route=\/wp\/v2\/pages"}],"about":[{"href":"https:\/\/www.sddolomiti.si\/index.php?rest_route=\/wp\/v2\/types\/page"}],"author":[{"embeddable":true,"href":"https:\/\/www.sddolomiti.si\/index.php?rest_route=\/wp\/v2\/users\/2"}],"replies":[{"embeddable":true,"href":"https:\/\/www.sddolomiti.si\/index.php?rest_route=%2Fwp%2Fv2%2Fcomments&post=185"}],"version-history":[{"count":0,"href":"https:\/\/www.sddolomiti.si\/index.php?rest_route=\/wp\/v2\/pages\/185\/revisions"}],"up":[{"embeddable":true,"href":"https:\/\/www.sddolomiti.si\/index.php?rest_route=\/wp\/v2\/pages\/178"}],"wp:attachment":[{"href":"https:\/\/www.sddolomiti.si\/index.php?rest_route=%2Fwp%2Fv2%2Fmedia&parent=185"}],"curies":[{"name":"wp","href":"https:\/\/api.w.org\/{rel}","templated":true}]}}