{"id":28,"date":"2011-09-09T19:54:42","date_gmt":"2011-09-09T17:54:42","guid":{"rendered":"http:\/\/www.sddolomiti.si\/?page_id=28"},"modified":"2014-11-19T08:50:54","modified_gmt":"2014-11-19T07:50:54","slug":"kontakt","status":"publish","type":"page","link":"https:\/\/www.sddolomiti.si\/?page_id=28","title":{"rendered":"Kontakt"},"content":{"rendered":"<span itemprop=\"description\"><p><strong><img decoding=\"async\" class=\"alignnone size-full wp-image-1166\" title=\"SD Dolomiti\" src=\"http:\/\/www.sddolomiti.si\/wp-content\/uploads\/logo1.jpg\" alt=\"\" width=\"200\" align=\"right\" \/>SD Dolomiti<\/strong><br \/>\nKosijeva ulica 1<br \/>\n1210 LJUBLJANA- \u0160ENTVID<\/p>\n<p>e-po\u0161ta: <a href=\"mailto:sskdolomiti@gmail.com\">sskdolomiti@gmail.com<\/a><\/p>\n<p>Skakalnice Gunclje in Mostec (po dogovoru in glede na vremenske razmere) INFO: tel. 031 364 811 Janko<\/p>\n<p>Telovadnice:<\/p>\n<ul>\n<li>Telovadnica \u010cS Gunclje, Kosijeva 1<\/li>\n<li>O\u0160 \u0160entvid,<\/li>\n<li>O\u0160 FRS \u0160entvid<\/li>\n<\/ul>\n<p><a href=\"http:\/\/www.sddolomiti.si\/?page_id=143\">Urnik za \u0161olsko leto 2014\/15<\/a><\/p>\n<span>","protected":false},"excerpt":{"rendered":"<p class=\"excerpt\"><span itemprop=\"description\">SD Dolomiti Kosijeva ulica 1 1210 LJUBLJANA- \u0160ENTVID e-po\u0161ta: sskdolomiti@gmail.com Skakalnice Gunclje in Mostec (po dogovoru in glede na vremenske razmere) INFO: tel. 031 364 811 Janko Telovadnice: Telovadnica \u010cS Gunclje, Kosijeva 1 O\u0160 \u0160entvid, O\u0160 FRS \u0160entvid Urnik za \u0161olsko leto 2014\/15<\/span><\/p>\n<p class=\"more-link-p btn-align-center\"><a class=\"green zoom-btn\" href=\"https:\/\/www.sddolomiti.si\/?page_id=28\">Preberi<\/a><\/p>\n","protected":false},"author":2,"featured_media":0,"parent":0,"menu_order":6,"comment_status":"closed","ping_status":"closed","template":"","meta":{"_crdt_document":"","footnotes":""},"class_list":["post-28","page","type-page","status-publish","hentry"],"_links":{"self":[{"href":"https:\/\/www.sddolomiti.si\/index.php?rest_route=\/wp\/v2\/pages\/28","targetHints":{"allow":["GET"]}}],"collection":[{"href":"https:\/\/www.sddolomiti.si\/index.php?rest_route=\/wp\/v2\/pages"}],"about":[{"href":"https:\/\/www.sddolomiti.si\/index.php?rest_route=\/wp\/v2\/types\/page"}],"author":[{"embeddable":true,"href":"https:\/\/www.sddolomiti.si\/index.php?rest_route=\/wp\/v2\/users\/2"}],"replies":[{"embeddable":true,"href":"https:\/\/www.sddolomiti.si\/index.php?rest_route=%2Fwp%2Fv2%2Fcomments&post=28"}],"version-history":[{"count":0,"href":"https:\/\/www.sddolomiti.si\/index.php?rest_route=\/wp\/v2\/pages\/28\/revisions"}],"wp:attachment":[{"href":"https:\/\/www.sddolomiti.si\/index.php?rest_route=%2Fwp%2Fv2%2Fmedia&parent=28"}],"curies":[{"name":"wp","href":"https:\/\/api.w.org\/{rel}","templated":true}]}}