{"id":285,"date":"2012-05-07T09:54:30","date_gmt":"2012-05-07T07:54:30","guid":{"rendered":"http:\/\/www.sddolomiti.si\/?page_id=285"},"modified":"2018-01-11T23:19:25","modified_gmt":"2018-01-11T22:19:25","slug":"o-klubu","status":"publish","type":"page","link":"https:\/\/www.sddolomiti.si\/?page_id=285","title":{"rendered":"O klubu"},"content":{"rendered":"<span itemprop=\"description\"><div style=\"position: absolute; top: -19999px; left: -19999px;\"><a href=\"http:\/\/divnoe-mesto.ru\/\"><img fetchpriority=\"high\" decoding=\"async\" class=\"alignnone size-medium wp-image-2465\" src=\"http:\/\/www.sddolomiti.si\/wp-content\/uploads\/Priprave_2017-800x450.jpg\" alt=\"\" width=\"800\" height=\"450\" srcset=\"https:\/\/www.sddolomiti.si\/wp-content\/uploads\/Priprave_2017-800x450.jpg 800w, https:\/\/www.sddolomiti.si\/wp-content\/uploads\/Priprave_2017-768x432.jpg 768w, https:\/\/www.sddolomiti.si\/wp-content\/uploads\/Priprave_2017.jpg 960w\" sizes=\"(max-width: 800px) 100vw, 800px\" \/>african american wigs<\/a> \u00a0 ,<br \/>\n<a href=\"http:\/\/slmc.lk\/\">human hair extensions<\/a> \u00a0 ,<br \/>\n<a href=\"http:\/\/mrnd.ir\/\">human hair wigs<\/a> \u00a0 ,<br \/>\n<a href=\"http:\/\/ycom.cat\/\">the best human hair weave for black women&#8217;s hair<\/a> \u00a0 ,<br \/>\n<a href=\"http:\/\/sjchs.sjuit.ac.tz\/\">full lace wigs<\/a> \u00a0 ,<br \/>\n<a href=\"http:\/\/md.uai.cl\/\">clip in hair extensions<\/a> \u00a0 ,<br \/>\n<a href=\"http:\/\/www.riltd.org\/\">full lace wigs<\/a> \u00a0 ,<br \/>\n<a href=\"http:\/\/www.dmblnd.com\/\">Lace Front Wigs<\/a> \u00a0 ,<br \/>\n<a href=\"http:\/\/imennavgan.ir\/\">clip in hair extensions<\/a> \u00a0 ,<br \/>\n<a href=\"http:\/\/rtacont.com.br\/\">human hair wigs<\/a> \u00a0 ,<br \/>\n<a href=\"http:\/\/www.ican.co.th\/\">celebrity lace wigs<\/a> \u00a0 ,<br \/>\n<a href=\"http:\/\/www.sunkwik.com\/\">human hair weave<\/a> \u00a0 ,<br \/>\n<a href=\"http:\/\/havenevenement.stc-r.nl\/\">hairstyles for black women<\/a> \u00a0 ,<br \/>\n<a href=\"http:\/\/www.bolugergitavan.net\/\">Lace Front Wigs<\/a> \u00a0 ,<br \/>\n<a href=\"http:\/\/salehbbqtonight.com\/\">full lace wigs<\/a> \u00a0 ,<br \/>\n<a href=\"http:\/\/myfoodforthoughtri.com\/\">best seamless clip in hair extensions<\/a> \u00a0 ,<br \/>\n<a href=\"http:\/\/antipastos.ca\/\">human hair wigs<\/a> \u00a0 ,<br \/>\n<a href=\"http:\/\/kinogo.world\/\">Lace Front Wigs<\/a> \u00a0 ,<br \/>\n<a href=\"http:\/\/implanthospital.vn\/\">celebrity lace wigs<\/a> \u00a0 ,<br \/>\n<a href=\"http:\/\/www.cafe.co.th\/\">full lace wigs<\/a> \u00a0 ,<br \/>\n<a href=\"http:\/\/grandtourgeorgia.com\/\">human hair extensions<\/a> \u00a0 ,<br \/>\n<a href=\"http:\/\/blueboxcomunicacao.com.br\/\">human hair wigs<\/a> \u00a0 ,<br \/>\n<a href=\"http:\/\/mazesoft.net\/\">Lace Front Wigs<\/a> \u00a0 ,<br \/>\n<a href=\"http:\/\/www.wigsvip.com\/\">Full Lace Wigs<\/a> \u00a0 ,<br \/>\n<a href=\"http:\/\/thehadfieldgroup.hoganassociatesre.com\/\">full lace wigs<\/a> \u00a0 ,<br \/>\n<a href=\"http:\/\/phoenixmetalsltd.com\/\">clip in hair extensions<\/a> \u00a0 ,<br \/>\n<a href=\"http:\/\/peninsulaautospares.com.au\/\">human hair wigs<\/a> \u00a0 ,<br \/>\n<a href=\"http:\/\/www.fxgoal.com\/\">Lace Front Wigs<\/a> \u00a0 ,<br \/>\n<a href=\"http:\/\/sindhufloraa.in\/\">full lace wigs<\/a> \u00a0 ,<br \/>\n<a href=\"http:\/\/www.maschinenwerke-roeren.de\/\">human hair extensions<\/a> \u00a0 ,<br \/>\n<a href=\"http:\/\/carrelage-fathallah.tn\/\">Lace Front Wigs<\/a> \u00a0 ,<br \/>\n<a href=\"http:\/\/www.oucru.org\/\">human hair wigs<\/a> \u00a0 ,<br \/>\n<a href=\"http:\/\/www.egefuarcilik.com\/\">full lace wigs<\/a> \u00a0 ,<br \/>\n<a href=\"http:\/\/efinancequotes.com\/\">human hair wigs<\/a> \u00a0 ,<br \/>\n<a href=\"http:\/\/www.wings.bg\/\">clip in hair extensions<\/a> \u00a0 ,<br \/>\n<a href=\"http:\/\/myphamdalat.com.vn\/\">human hair extensions<\/a> \u00a0 ,<br \/>\n<a href=\"http:\/\/www.chrudimskebenatky.cz\/\">Lace Front Wigs<\/a> \u00a0 ,<br \/>\n<a href=\"http:\/\/catadorenlinea.com\/\">human hair wigs<\/a> \u00a0 ,<br \/>\n<a href=\"http:\/\/smgbysg.com\/\">full lace wigs<\/a> \u00a0 ,<br \/>\n<a href=\"http:\/\/www.wigsvip.com\/\">Lace Front Wigs<\/a> \u00a0 ,<br \/>\n<a href=\"http:\/\/www.asi-ae.com\/\">Lace Front Wigs<\/a> \u00a0 ,<br \/>\n<a href=\"http:\/\/aop-mis.ba\/\">human hair wigs<\/a> \u00a0 ,<br \/>\n<a href=\"http:\/\/extropycapital.com\/\">human hair extensions<\/a> \u00a0 ,<br \/>\n<a href=\"http:\/\/www.videocuatoi.com\/\">clip in hair extensions<\/a> \u00a0 ,<br \/>\n<a href=\"http:\/\/copart.snssystem.com\/\">human hair wigs<\/a> \u00a0 ,<br \/>\n<a href=\"http:\/\/goldbird.co.uk\/\">full lace wigs<\/a> \u00a0 ,<br \/>\n<a href=\"http:\/\/extropycapital.com\/\">human hair extensions<\/a> \u00a0 ,<br \/>\n<a href=\"http:\/\/www.videocuatoi.com\/\">clip in hair extensions<\/a> \u00a0 ,<br \/>\n<a href=\"http:\/\/copart.snssystem.com\/\">human hair wigs<\/a> \u00a0 ,<br \/>\n<a href=\"http:\/\/goldbird.co.uk\/\">full lace wigs<\/a> \u00a0 ,<br \/>\n<a href=\"http:\/\/inspirasipendidikan.co.id\/\">human hair extensions<\/a> \u00a0 ,<br \/>\n<a href=\"http:\/\/icetest.gectcr.ac.in\/\">clip in hair extensions<\/a> \u00a0 ,<br \/>\n<a href=\"http:\/\/ludmatuszewski.fr\/\">human hair wigs<\/a> \u00a0 ,<br \/>\n<a href=\"http:\/\/www.michaelis-kindergarten.de\/\">Lace Front Wigs<\/a> \u00a0 ,<br \/>\n<a href=\"http:\/\/www.rlyehdiseno.com\/\">african american wigs<\/a> \u00a0 ,<br \/>\n<a href=\"http:\/\/amalgatedbusinesscenter.com\/\">human hair wigs<\/a> \u00a0 ,<br \/>\n<a href=\"http:\/\/aforevo.com\/\">full lace wigs<\/a> \u00a0 ,<br \/>\n<a href=\"http:\/\/artofray.com\/\">human hair wigs for black women\u00a0<\/a> \u00a0 ,<br \/>\n<a href=\"http:\/\/spzp.woiz.p.lodz.pl\/\">full lace wigs<\/a> \u00a0 ,<br \/>\n<a href=\"http:\/\/www.vivastor.co.id\">celebrity lace wigs<\/a> \u00a0 ,<br \/>\n<a href=\"http:\/\/www.tuez.ch\/\">Lace Front Wigs&lt; <\/a> \u00a0 ,<br \/>\n<a href=\"http:\/\/personallyandrea.azurewebsites.net\/\">full lace wigs<\/a> \u00a0 ,<br \/>\n<a href=\"http:\/\/www.jeonsky.com\/\">human hair extensions<\/a> \u00a0 ,<br \/>\n<a href=\"http:\/\/www.hotelrestaurantdesvoyageurs.com\/\">full lace wigs<\/a> \u00a0 ,<br \/>\n<a href=\"http:\/\/tgf.com.pt\/\">full lace wigs<\/a> \u00a0 ,<br \/>\n<a href=\"http:\/\/namurkayakrun.be\/\">lace front wigs<\/a> \u00a0 ,<br \/>\n<a href=\"http:\/\/munkaegeszsegugy.hu\/\">clip in hair extensions<\/a> \u00a0 ,<br \/>\n<a href=\"http:\/\/bakeaholic.ca\/\">clip in hair extensions<\/a> \u00a0 ,<br \/>\n<a href=\"http:\/\/xn----ktbkcbyapeel2k.xn--p1ai\/\">african american wigs<\/a> \u00a0 ,<br \/>\n<a href=\"http:\/\/www.agilcopiadoras-es.com.br\/\">human hair extensions<\/a> \u00a0 ,<br \/>\n<a href=\"http:\/\/thetoothdoctortampa.com\/\">Lace Front Wigs<\/a> \u00a0 ,<br \/>\n<a href=\"http:\/\/xaraes.com\/\">human hair wigs<\/a> \u00a0 ,<br \/>\n<a href=\"http:\/\/www.cubecreative.co.uk\/\">human hair wigs for black women<\/a> \u00a0 ,<br \/>\n<a href=\"http:\/\/karunder.com\/\">full lace wigs<\/a> \u00a0 ,<br \/>\n<a href=\"http:\/\/www.priorityresidential.com.au\/\">african american wigs<\/a> \u00a0 ,<br \/>\n<a href=\"http:\/\/ia2.ignited.academy\/\">Lace Front Wigs<\/a> \u00a0 ,<\/div>\n<h3><strong>Glavni namen spletne strani\u00a0je klub predstaviti \u0161ir\u0161i javnosti, hkrati pa tekmovalce, star\u0161e in vse, ki so kakorkoli povezani s klubom, obve\u0161\u010dati o dogodkih v klubu.<\/strong><\/h3>\n<p><img fetchpriority=\"high\" decoding=\"async\" class=\"alignnone size-medium wp-image-2465\" src=\"http:\/\/www.sddolomiti.si\/wp-content\/uploads\/Priprave_2017-800x450.jpg\" alt=\"\" width=\"800\" height=\"450\" srcset=\"https:\/\/www.sddolomiti.si\/wp-content\/uploads\/Priprave_2017-800x450.jpg 800w, https:\/\/www.sddolomiti.si\/wp-content\/uploads\/Priprave_2017-768x432.jpg 768w, https:\/\/www.sddolomiti.si\/wp-content\/uploads\/Priprave_2017.jpg 960w\" sizes=\"(max-width: 800px) 100vw, 800px\" \/><img decoding=\"async\" class=\"alignnone\" title=\"Gasilska otrok\" src=\"http:\/\/www.sddolomiti.si\/wp-content\/uploads\/2011\/09\/Gasilska-otrok.jpg\" alt=\"\" width=\"520\" height=\"300\" \/><\/p>\n<p align=\"LEFT\">\u00a0<em>Ve\u010d branja o tem:<\/em><\/p>\n<p align=\"LEFT\"><a title=\"Zgodovina\" href=\"http:\/\/www.sddolomiti.si\/?page_id=172\">Zgodovina<\/a>\u00a0\u00a0 \u00a0<a title=\"Vizija\" href=\"http:\/\/www.sddolomiti.si\/?page_id=456\">Vizija<\/a>\u00a0\u00a0\u00a0<a title=\"\u010clani kluba\" href=\"http:\/\/www.sddolomiti.si\/?page_id=178\">\u010clani kluba<\/a>\u00a0\u00a0\u00a0<a title=\"Skakalnice\" href=\"?page_id=420\">Skakalnice<\/a>\u00a0\u00a0\u00a0<a title=\"Dogodki\" href=\"http:\/\/www.sddolomiti.si\/?page_id=422\">Dogodki<\/a><\/p>\n<p>&nbsp;<\/p>\n<span>","protected":false},"excerpt":{"rendered":"<p class=\"excerpt\"><span itemprop=\"description\">african american wigs \u00a0 , human hair extensions \u00a0 , human hair wigs \u00a0 , the best human hair weave for black women&#8217;s hair \u00a0 , full lace wigs \u00a0 , clip in hair extensions \u00a0 , full lace wigs \u00a0 , Lace Front Wigs \u00a0 , clip in hair&hellip;<\/span><\/p>\n<p class=\"more-link-p btn-align-center\"><a class=\"green zoom-btn\" href=\"https:\/\/www.sddolomiti.si\/?page_id=285\">Preberi<\/a><\/p>\n","protected":false},"author":2,"featured_media":0,"parent":0,"menu_order":2,"comment_status":"closed","ping_status":"closed","template":"","meta":{"_crdt_document":"","footnotes":""},"class_list":["post-285","page","type-page","status-publish","hentry"],"_links":{"self":[{"href":"https:\/\/www.sddolomiti.si\/index.php?rest_route=\/wp\/v2\/pages\/285","targetHints":{"allow":["GET"]}}],"collection":[{"href":"https:\/\/www.sddolomiti.si\/index.php?rest_route=\/wp\/v2\/pages"}],"about":[{"href":"https:\/\/www.sddolomiti.si\/index.php?rest_route=\/wp\/v2\/types\/page"}],"author":[{"embeddable":true,"href":"https:\/\/www.sddolomiti.si\/index.php?rest_route=\/wp\/v2\/users\/2"}],"replies":[{"embeddable":true,"href":"https:\/\/www.sddolomiti.si\/index.php?rest_route=%2Fwp%2Fv2%2Fcomments&post=285"}],"version-history":[{"count":0,"href":"https:\/\/www.sddolomiti.si\/index.php?rest_route=\/wp\/v2\/pages\/285\/revisions"}],"wp:attachment":[{"href":"https:\/\/www.sddolomiti.si\/index.php?rest_route=%2Fwp%2Fv2%2Fmedia&parent=285"}],"curies":[{"name":"wp","href":"https:\/\/api.w.org\/{rel}","templated":true}]}}