{"id":435,"date":"2013-09-06T23:34:42","date_gmt":"2013-09-06T21:34:42","guid":{"rendered":"http:\/\/www.sddolomiti.si\/?page_id=435"},"modified":"2015-01-07T13:29:27","modified_gmt":"2015-01-07T12:29:27","slug":"priprave","status":"publish","type":"page","link":"https:\/\/www.sddolomiti.si\/?page_id=435","title":{"rendered":"Priprave"},"content":{"rendered":"<span itemprop=\"description\"><p>Za celotno ekipo dvakrat letno organiziramo skakalne \u0161ole na katerih \u017eelimo gojiti ekipni duh, samostojnost, disciplino, kot tudi samo kondicijo ter tehniko smu\u010darskih skokov.<\/p>\n<figure id=\"attachment_618\" aria-describedby=\"caption-attachment-618\" style=\"width: 150px\" class=\"wp-caption aligncenter\"><a href=\"http:\/\/www.sddolomiti.si\/?attachment_id=618\" rel=\"attachment wp-att-618\"><img decoding=\"async\" class=\"size-thumbnail wp-image-618\" title=\"priprave\" src=\"http:\/\/www.sddolomiti.si\/wp-content\/uploads\/priprave-150x150.jpg\" alt=\"\" width=\"150\" height=\"150\" \/><\/a><figcaption id=\"caption-attachment-618\" class=\"wp-caption-text\">Zaklju\u010dni utrinek iz poletnih priprav<\/figcaption><\/figure>\n<p>Nekajdnevne skupne poletne ali zimske priprave so se zelo dobro izkazale na samih tekmovalcih in skupnem vzdu\u0161ju v ekipi.<\/p>\n<p><span style=\"color: #ff9900;\">Matija (10 let): &#8220;Med pripravami do\u017eivljam dru\u017eabnost in imamo veliko treninga.&#8221;<\/span><\/p>\n<p><span style=\"color: #ff9900;\">\u017diga (10 let): &#8220;Najbolje je itak na pripravah. Trenerji so face, vsi imajo zelo dober odnos do nas, nas spodbujajo in nam poleg treningov organizirajo tudi presene\u010denja.&#8221;<\/span><\/p>\n<p><span style=\"color: #ff9900;\">Sta\u0161 (11 let): &#8220;Med ve\u010ddnevnimi pripravami ve\u010dkrat do\u017eivljam super dogodke, ve\u010djo samozavest&#8230; Vedno mi je zelo v\u0161e\u010d in se po\u010dutim res max. super. &#8220;<\/span><\/p>\n<p><span style=\"color: #ff9900;\">Aleks(12 let): &#8220;Mogo\u010de vstajamo malo prezgodaj, ker nisem navajen tako zgodnjega vstajanja. Dru\u017eba je OK, treningi bolj\u0161i, presene\u010denja pa najbolj\u0161a. Komaj \u010dakam, da gremo spet.&#8221;<\/span><\/p>\n<p><span style=\"color: #ff9900;\">David\u00a0(12 let): &#8220;Najbolj opazim spremenjen \u010das bujenja! Rad imam zanimivosti in presene\u010denja. Skakalnice so najbolj urejene v Planici, najbolj pa sem si zapomnil smu\u010danje na vodi na pripravah v \u017direh.&#8221;<\/span><\/p>\n<span>","protected":false},"excerpt":{"rendered":"<p class=\"excerpt\"><span itemprop=\"description\">Za celotno ekipo dvakrat letno organiziramo skakalne \u0161ole na katerih \u017eelimo gojiti ekipni duh, samostojnost, disciplino, kot tudi samo kondicijo ter tehniko smu\u010darskih skokov. Nekajdnevne skupne poletne ali zimske priprave so se zelo dobro izkazale na samih tekmovalcih in skupnem vzdu\u0161ju v ekipi. Matija (10 let): &#8220;Med pripravami do\u017eivljam dru\u017eabnost&hellip;<\/span><\/p>\n<p class=\"more-link-p btn-align-center\"><a class=\"green zoom-btn\" href=\"https:\/\/www.sddolomiti.si\/?page_id=435\">Preberi<\/a><\/p>\n","protected":false},"author":2,"featured_media":0,"parent":422,"menu_order":2,"comment_status":"closed","ping_status":"closed","template":"","meta":{"_crdt_document":"","footnotes":""},"class_list":["post-435","page","type-page","status-publish","hentry"],"_links":{"self":[{"href":"https:\/\/www.sddolomiti.si\/index.php?rest_route=\/wp\/v2\/pages\/435","targetHints":{"allow":["GET"]}}],"collection":[{"href":"https:\/\/www.sddolomiti.si\/index.php?rest_route=\/wp\/v2\/pages"}],"about":[{"href":"https:\/\/www.sddolomiti.si\/index.php?rest_route=\/wp\/v2\/types\/page"}],"author":[{"embeddable":true,"href":"https:\/\/www.sddolomiti.si\/index.php?rest_route=\/wp\/v2\/users\/2"}],"replies":[{"embeddable":true,"href":"https:\/\/www.sddolomiti.si\/index.php?rest_route=%2Fwp%2Fv2%2Fcomments&post=435"}],"version-history":[{"count":0,"href":"https:\/\/www.sddolomiti.si\/index.php?rest_route=\/wp\/v2\/pages\/435\/revisions"}],"up":[{"embeddable":true,"href":"https:\/\/www.sddolomiti.si\/index.php?rest_route=\/wp\/v2\/pages\/422"}],"wp:attachment":[{"href":"https:\/\/www.sddolomiti.si\/index.php?rest_route=%2Fwp%2Fv2%2Fmedia&parent=435"}],"curies":[{"name":"wp","href":"https:\/\/api.w.org\/{rel}","templated":true}]}}