{"id":437,"date":"2013-09-06T23:35:02","date_gmt":"2013-09-06T21:35:02","guid":{"rendered":"http:\/\/www.sddolomiti.si\/?page_id=437"},"modified":"2014-12-02T08:13:01","modified_gmt":"2014-12-02T07:13:01","slug":"tekmovanja","status":"publish","type":"page","link":"https:\/\/www.sddolomiti.si\/?page_id=437","title":{"rendered":"Tekmovanja"},"content":{"rendered":"<span itemprop=\"description\"><p><a href=\"http:\/\/www.sddolomiti.si\/?attachment_id=644\" rel=\"attachment wp-att-644\"><img decoding=\"async\" class=\"aligncenter size-thumbnail wp-image-644\" title=\"pokali\" src=\"http:\/\/www.sddolomiti.si\/wp-content\/uploads\/pokali1-150x150.png\" alt=\"\" width=\"150\" height=\"150\" \/><\/a>Vsak tekmovalec se prijavi v evidenco Smu\u010darske zveze Slovenije. Ob razpisanih tekmovanjih se udele\u017eujemo v posameznih kategorijah za fante in posebej za dekleta.<\/p>\n<p>Na\u0161e dru\u0161tvo uspe\u0161no zastopa vse ve\u010dja ekipa cicibanov, cicibank, de\u010dkov, deklic\u00a0in mladincev.<\/p>\n<p><a href=\"http:\/\/www.sddolomiti.si\/?attachment_id=658\" rel=\"attachment wp-att-658\"><img fetchpriority=\"high\" decoding=\"async\" class=\"aligncenter size-medium wp-image-658\" title=\"po_tekmi_2012\" src=\"http:\/\/www.sddolomiti.si\/wp-content\/uploads\/po_tekmi_2012-800x446.png\" alt=\"\" width=\"800\" height=\"446\" srcset=\"https:\/\/www.sddolomiti.si\/wp-content\/uploads\/po_tekmi_2012-800x446.png 800w, https:\/\/www.sddolomiti.si\/wp-content\/uploads\/po_tekmi_2012-1024x571.png 1024w, https:\/\/www.sddolomiti.si\/wp-content\/uploads\/po_tekmi_2012.png 1200w\" sizes=\"(max-width: 800px) 100vw, 800px\" \/><\/a><\/p>\n<p>&nbsp;<\/p>\n<div><span style=\"color: #00004e; font-family: Verdana;\"><strong>Kako razmi\u0161ljam med pripravo na tekmovanje, med takmovanjem<br \/>\nin ob dose\u017eenem dobrem rezultatu (medalji)?<\/strong><\/span><\/div>\n<div><span style=\"color: #00004e; font-family: Verdana;\"><strong>Jurij:<\/strong> &#8220;Med pripravo se koncentriram na \u010dim bolj\u0161e skoke, med tekmovanjem posku\u0161am ostati miren, ker se samo tako lahko osredoto\u010dim na \u010dim bolj\u0161o izvedbo skoka. Ob dose\u017eenem dobrem<br \/>\nrezultatu sem vesel, ker vem, da je vlo\u017een trud na treningih popla\u010dan.&#8221;<\/span><\/div>\n<div><span style=\"color: #00004e; font-family: Verdana;\"><span style=\"color: #00004e; font-family: Verdana;\"><strong>Anja:<\/strong> &#8220;Med pripravo na tekmovanje si ponavadi\u00a0s trenerji pogledamo dobre skoke, ki sem jih naredila na trenungu, potem pa si ga posku\u0161am ponavljati v glavi. Med tekmovanjem se osredoto\u010dim na skok ki si ga ponavljam v glavi in odmisliti vse ostale stvari. Ob dose\u017eenem dobrem rezultatu sem vesela, ker vem, da vsi treningi, ki sem jih naredila do takrat niso bili<br \/>\nzaman.&#8221;<\/span><\/span><\/div>\n<div><\/div>\n<div><\/div>\n<p>&nbsp;<\/p>\n<p><strong><em>V<\/em><\/strong><strong><em>e\u010d branja o tem:<\/em><\/strong><\/p>\n<p><strong><a title=\"Slovenska pokalna tekmovanja\" href=\"http:\/\/www.sddolomiti.si\/?page_id=1080\">Slovenska pokalna tekmovanja<\/a><\/strong><\/p>\n<span>","protected":false},"excerpt":{"rendered":"<p class=\"excerpt\"><span itemprop=\"description\">Vsak tekmovalec se prijavi v evidenco Smu\u010darske zveze Slovenije. Ob razpisanih tekmovanjih se udele\u017eujemo v posameznih kategorijah za fante in posebej za dekleta. Na\u0161e dru\u0161tvo uspe\u0161no zastopa vse ve\u010dja ekipa cicibanov, cicibank, de\u010dkov, deklic\u00a0in mladincev. &nbsp; Kako razmi\u0161ljam med pripravo na tekmovanje, med takmovanjem in ob dose\u017eenem dobrem rezultatu (medalji)?&hellip;<\/span><\/p>\n<p class=\"more-link-p btn-align-center\"><a class=\"green zoom-btn\" href=\"https:\/\/www.sddolomiti.si\/?page_id=437\">Preberi<\/a><\/p>\n","protected":false},"author":2,"featured_media":0,"parent":422,"menu_order":3,"comment_status":"closed","ping_status":"closed","template":"","meta":{"_crdt_document":"","footnotes":""},"class_list":["post-437","page","type-page","status-publish","hentry"],"_links":{"self":[{"href":"https:\/\/www.sddolomiti.si\/index.php?rest_route=\/wp\/v2\/pages\/437","targetHints":{"allow":["GET"]}}],"collection":[{"href":"https:\/\/www.sddolomiti.si\/index.php?rest_route=\/wp\/v2\/pages"}],"about":[{"href":"https:\/\/www.sddolomiti.si\/index.php?rest_route=\/wp\/v2\/types\/page"}],"author":[{"embeddable":true,"href":"https:\/\/www.sddolomiti.si\/index.php?rest_route=\/wp\/v2\/users\/2"}],"replies":[{"embeddable":true,"href":"https:\/\/www.sddolomiti.si\/index.php?rest_route=%2Fwp%2Fv2%2Fcomments&post=437"}],"version-history":[{"count":0,"href":"https:\/\/www.sddolomiti.si\/index.php?rest_route=\/wp\/v2\/pages\/437\/revisions"}],"up":[{"embeddable":true,"href":"https:\/\/www.sddolomiti.si\/index.php?rest_route=\/wp\/v2\/pages\/422"}],"wp:attachment":[{"href":"https:\/\/www.sddolomiti.si\/index.php?rest_route=%2Fwp%2Fv2%2Fmedia&parent=437"}],"curies":[{"name":"wp","href":"https:\/\/api.w.org\/{rel}","templated":true}]}}