{"id":439,"date":"2013-09-06T23:36:17","date_gmt":"2013-09-06T21:36:17","guid":{"rendered":"http:\/\/www.sddolomiti.si\/?page_id=439"},"modified":"2018-01-15T00:03:59","modified_gmt":"2018-01-14T23:03:59","slug":"prireditve","status":"publish","type":"page","link":"https:\/\/www.sddolomiti.si\/?page_id=439","title":{"rendered":"Prireditve"},"content":{"rendered":"<span itemprop=\"description\"><p>Dru\u0161tvo v svojem delovanju organizira razli\u010dne javne prireditve, na katerih posku\u0161a ohranjati zanimanje za \u0161portno dejavnost. Skakalna sekcija tako vsako leto organizira (obi\u010dajno spomladi in jeseni) smu\u010darske skoke za \u0161ir\u0161e ob\u010dinstvo (&#8220;SKO\u010cI Z NAMI V PI\u017dAMI&#8221;, &#8220;TEKMA ZA VSE GENERACIJE&#8221;, &#8220;DAN REKREACIJE ZA VSE GENERACIJE&#8221;).<\/p>\n<p>Lani pa smo prvi\u010d realizirali idejo ve\u010dje splo\u0161ne rekreativne prireditve \u00bbDan rekreacije\u00ab s podporo \u0160portne zveze Ljubljana, Mestne ob\u010dine Ljubljana in drugih podpornikov \u0161portne rekreacije.\u00a0 Prireditev \u00bbDan rekreacije za vse generacije\u00ab bi \u017eeleli ponovno izpeljati tudi letos.<\/p>\n<figure id=\"attachment_820\" aria-describedby=\"caption-attachment-820\" style=\"width: 566px\" class=\"wp-caption aligncenter\"><a href=\"http:\/\/www.sddolomiti.si\/?attachment_id=820\" rel=\"attachment wp-att-820\"><img fetchpriority=\"high\" decoding=\"async\" class=\"wp-image-820 size-medium\" title=\"Justina_skoki_2\" src=\"http:\/\/www.sddolomiti.si\/wp-content\/uploads\/Justina_skoki_2-566x800.jpg\" alt=\"\" width=\"566\" height=\"800\" \/><\/a><figcaption id=\"caption-attachment-820\" class=\"wp-caption-text\">Sko\u010di z nami, Justina, 6 let<\/figcaption><\/figure>\n<p>&nbsp;<\/p>\n<p align=\"LEFT\">\n<p align=\"LEFT\"><!--more--><\/p>\n<p align=\"LEFT\"><em>Ve\u010d branja o tem:<\/em><\/p>\n<p align=\"LEFT\"><a title=\"Dan rekreacije\" href=\"http:\/\/www.sddolomiti.si\/?page_id=501\">Dan rekreacije<\/a><\/p>\n<span>","protected":false},"excerpt":{"rendered":"<p class=\"excerpt\"><span itemprop=\"description\">Dru\u0161tvo v svojem delovanju organizira razli\u010dne javne prireditve, na katerih posku\u0161a ohranjati zanimanje za \u0161portno dejavnost. Skakalna sekcija tako vsako leto organizira (obi\u010dajno spomladi in jeseni) smu\u010darske skoke za \u0161ir\u0161e ob\u010dinstvo (&#8220;SKO\u010cI Z NAMI V PI\u017dAMI&#8221;, &#8220;TEKMA ZA VSE GENERACIJE&#8221;, &#8220;DAN REKREACIJE ZA VSE GENERACIJE&#8221;). Lani pa smo prvi\u010d realizirali&hellip;<\/span><\/p>\n<p class=\"more-link-p btn-align-center\"><a class=\"green zoom-btn\" href=\"https:\/\/www.sddolomiti.si\/?page_id=439\">Preberi<\/a><\/p>\n","protected":false},"author":2,"featured_media":0,"parent":422,"menu_order":4,"comment_status":"closed","ping_status":"closed","template":"","meta":{"_crdt_document":"","footnotes":""},"class_list":["post-439","page","type-page","status-publish","hentry"],"_links":{"self":[{"href":"https:\/\/www.sddolomiti.si\/index.php?rest_route=\/wp\/v2\/pages\/439","targetHints":{"allow":["GET"]}}],"collection":[{"href":"https:\/\/www.sddolomiti.si\/index.php?rest_route=\/wp\/v2\/pages"}],"about":[{"href":"https:\/\/www.sddolomiti.si\/index.php?rest_route=\/wp\/v2\/types\/page"}],"author":[{"embeddable":true,"href":"https:\/\/www.sddolomiti.si\/index.php?rest_route=\/wp\/v2\/users\/2"}],"replies":[{"embeddable":true,"href":"https:\/\/www.sddolomiti.si\/index.php?rest_route=%2Fwp%2Fv2%2Fcomments&post=439"}],"version-history":[{"count":0,"href":"https:\/\/www.sddolomiti.si\/index.php?rest_route=\/wp\/v2\/pages\/439\/revisions"}],"up":[{"embeddable":true,"href":"https:\/\/www.sddolomiti.si\/index.php?rest_route=\/wp\/v2\/pages\/422"}],"wp:attachment":[{"href":"https:\/\/www.sddolomiti.si\/index.php?rest_route=%2Fwp%2Fv2%2Fmedia&parent=439"}],"curies":[{"name":"wp","href":"https:\/\/api.w.org\/{rel}","templated":true}]}}