{"id":453,"date":"2013-09-06T23:58:57","date_gmt":"2013-09-06T21:58:57","guid":{"rendered":"http:\/\/www.sddolomiti.si\/?page_id=453"},"modified":"2018-08-20T21:21:29","modified_gmt":"2018-08-20T19:21:29","slug":"cicibani","status":"publish","type":"page","link":"https:\/\/www.sddolomiti.si\/?page_id=453","title":{"rendered":"Vijoli\u010dna skupina"},"content":{"rendered":"<span itemprop=\"description\">\t\t<div data-elementor-type=\"wp-post\" data-elementor-id=\"453\" class=\"elementor elementor-453 elementor-bc-flex-widget\">\n\t\t\t\t\t\t<section class=\"elementor-section elementor-top-section elementor-element elementor-element-4daaa84 elementor-section-boxed elementor-section-height-default elementor-section-height-default\" data-id=\"4daaa84\" data-element_type=\"section\" data-e-type=\"section\">\n\t\t\t\t\t\t<div class=\"elementor-container elementor-column-gap-default\">\n\t\t\t\t\t<div class=\"elementor-column elementor-col-100 elementor-top-column elementor-element elementor-element-01236e1\" data-id=\"01236e1\" data-element_type=\"column\" data-e-type=\"column\">\n\t\t\t<div class=\"elementor-widget-wrap elementor-element-populated\">\n\t\t\t\t\t\t<div class=\"elementor-element elementor-element-68c05c8 elementor-widget elementor-widget-heading\" data-id=\"68c05c8\" data-element_type=\"widget\" data-e-type=\"widget\" data-widget_type=\"heading.default\">\n\t\t\t\t<div class=\"elementor-widget-container\">\n\t\t\t\t\t<h2 class=\"elementor-heading-title elementor-size-default\">NA\u0160I NAJMLAJ\u0160I<\/h2>\t\t\t\t<\/div>\n\t\t\t\t<\/div>\n\t\t\t\t\t<\/div>\n\t\t<\/div>\n\t\t\t\t\t<\/div>\n\t\t<\/section>\n\t\t\t\t<section class=\"elementor-section elementor-top-section elementor-element elementor-element-9aebcb5 elementor-section-boxed elementor-section-height-default elementor-section-height-default\" data-id=\"9aebcb5\" data-element_type=\"section\" data-e-type=\"section\">\n\t\t\t\t\t\t<div class=\"elementor-container elementor-column-gap-default\">\n\t\t\t\t\t<div class=\"elementor-column elementor-col-50 elementor-top-column elementor-element elementor-element-27d8f4a\" data-id=\"27d8f4a\" data-element_type=\"column\" data-e-type=\"column\">\n\t\t\t<div class=\"elementor-widget-wrap elementor-element-populated\">\n\t\t\t\t\t\t<div class=\"elementor-element elementor-element-13259bb elementor-widget elementor-widget-text-editor\" data-id=\"13259bb\" data-element_type=\"widget\" data-e-type=\"widget\" data-widget_type=\"text-editor.default\">\n\t\t\t\t<div class=\"elementor-widget-container\">\n\t\t\t\t\t\t\t\t\t<p class=\"has-drop-cap\">Najmlaj\u0161i naredijo prve korake na skakalnici (ali pod skakalnico) \u0161e na alpskih smu\u010deh. Ponavadi pa hitro napredujejo na najmanj\u0161i K=9m skakalnici s prvimi skoki.<\/p>\t\t\t\t\t\t\t\t<\/div>\n\t\t\t\t<\/div>\n\t\t\t\t\t<\/div>\n\t\t<\/div>\n\t\t\t\t<div class=\"elementor-column elementor-col-50 elementor-top-column elementor-element elementor-element-eb5318a\" data-id=\"eb5318a\" data-element_type=\"column\" data-e-type=\"column\">\n\t\t\t<div class=\"elementor-widget-wrap elementor-element-populated\">\n\t\t\t\t\t\t<div class=\"elementor-element elementor-element-6fd751f elementor-widget elementor-widget-text-editor\" data-id=\"6fd751f\" data-element_type=\"widget\" data-e-type=\"widget\" data-widget_type=\"text-editor.default\">\n\t\t\t\t<div class=\"elementor-widget-container\">\n\t\t\t\t\t\t\t\t\t<p>Prvi stiki z rednim treningom ter prvimi tekmovanji so za otroka zelo pomembni, \u010de so opravljeni na pravi (otroku prijazen) na\u010din. Na\u0161i trenerji to dokazujejo z izkazanim zadovoljstvom pri na\u0161ih najmlaj\u0161ih.<\/p>\t\t\t\t\t\t\t\t<\/div>\n\t\t\t\t<\/div>\n\t\t\t\t\t<\/div>\n\t\t<\/div>\n\t\t\t\t\t<\/div>\n\t\t<\/section>\n\t\t\t\t<section class=\"elementor-section elementor-top-section elementor-element elementor-element-6ab4c1d elementor-section-boxed elementor-section-height-default elementor-section-height-default\" data-id=\"6ab4c1d\" data-element_type=\"section\" data-e-type=\"section\">\n\t\t\t\t\t\t<div class=\"elementor-container elementor-column-gap-default\">\n\t\t\t\t\t<div class=\"elementor-column elementor-col-100 elementor-top-column elementor-element elementor-element-b4882da\" data-id=\"b4882da\" data-element_type=\"column\" data-e-type=\"column\">\n\t\t\t<div class=\"elementor-widget-wrap elementor-element-populated\">\n\t\t\t\t\t\t<div class=\"elementor-element elementor-element-3ae0b09 elementor-widget elementor-widget-image\" data-id=\"3ae0b09\" data-element_type=\"widget\" data-e-type=\"widget\" data-widget_type=\"image.default\">\n\t\t\t\t<div class=\"elementor-widget-container\">\n\t\t\t\t\t\t\t\t\t\t\t\t\t\t\t<img fetchpriority=\"high\" decoding=\"async\" width=\"1024\" height=\"681\" src=\"https:\/\/www.sddolomiti.si\/wp-content\/uploads\/DSC_0945-1024x681.jpg\" class=\"attachment-large size-large wp-image-2126 aligncenter\" alt=\"\" srcset=\"https:\/\/www.sddolomiti.si\/wp-content\/uploads\/DSC_0945.jpg 1024w, https:\/\/www.sddolomiti.si\/wp-content\/uploads\/DSC_0945-800x532.jpg 800w, https:\/\/www.sddolomiti.si\/wp-content\/uploads\/DSC_0945-768x511.jpg 768w\" sizes=\"(max-width: 1024px) 100vw, 1024px\" \/>\t\t\t\t\t\t\t\t\t\t\t\t\t\t\t<\/div>\n\t\t\t\t<\/div>\n\t\t\t\t\t<\/div>\n\t\t<\/div>\n\t\t\t\t\t<\/div>\n\t\t<\/section>\n\t\t\t\t<\/div>\n\t\t<span>","protected":false},"excerpt":{"rendered":"<p class=\"excerpt\"><span itemprop=\"description\">NA\u0160I NAJMLAJ\u0160I Najmlaj\u0161i naredijo prve korake na skakalnici (ali pod skakalnico) \u0161e na alpskih smu\u010deh. Ponavadi pa hitro napredujejo na najmanj\u0161i K=9m skakalnici s prvimi skoki. Prvi stiki z rednim treningom ter prvimi tekmovanji so za otroka zelo pomembni, \u010de so opravljeni na pravi (otroku prijazen) na\u010din. Na\u0161i trenerji to&hellip;<\/span><\/p>\n<p class=\"more-link-p btn-align-center\"><a class=\"green zoom-btn\" href=\"https:\/\/www.sddolomiti.si\/?page_id=453\">Preberi<\/a><\/p>\n","protected":false},"author":7,"featured_media":0,"parent":178,"menu_order":1,"comment_status":"closed","ping_status":"closed","template":"","meta":{"_crdt_document":"","footnotes":""},"class_list":["post-453","page","type-page","status-publish","hentry"],"_links":{"self":[{"href":"https:\/\/www.sddolomiti.si\/index.php?rest_route=\/wp\/v2\/pages\/453","targetHints":{"allow":["GET"]}}],"collection":[{"href":"https:\/\/www.sddolomiti.si\/index.php?rest_route=\/wp\/v2\/pages"}],"about":[{"href":"https:\/\/www.sddolomiti.si\/index.php?rest_route=\/wp\/v2\/types\/page"}],"author":[{"embeddable":true,"href":"https:\/\/www.sddolomiti.si\/index.php?rest_route=\/wp\/v2\/users\/7"}],"replies":[{"embeddable":true,"href":"https:\/\/www.sddolomiti.si\/index.php?rest_route=%2Fwp%2Fv2%2Fcomments&post=453"}],"version-history":[{"count":0,"href":"https:\/\/www.sddolomiti.si\/index.php?rest_route=\/wp\/v2\/pages\/453\/revisions"}],"up":[{"embeddable":true,"href":"https:\/\/www.sddolomiti.si\/index.php?rest_route=\/wp\/v2\/pages\/178"}],"wp:attachment":[{"href":"https:\/\/www.sddolomiti.si\/index.php?rest_route=%2Fwp%2Fv2%2Fmedia&parent=453"}],"curies":[{"name":"wp","href":"https:\/\/api.w.org\/{rel}","templated":true}]}}