{"id":456,"date":"2013-09-06T23:59:17","date_gmt":"2013-09-06T21:59:17","guid":{"rendered":"http:\/\/www.sddolomiti.si\/?page_id=456"},"modified":"2018-02-08T22:51:03","modified_gmt":"2018-02-08T21:51:03","slug":"mladinci","status":"publish","type":"page","link":"https:\/\/www.sddolomiti.si\/?page_id=456","title":{"rendered":"<span style=\"color:DarkGoldenRod;\">Rumena skupina<\/span>"},"content":{"rendered":"<span itemprop=\"description\"><p>Starej\u0161i otroci pri svojem razvoju gibalnih sposobnosti potrebujejo veliko gibanja. Bolj aktivno in na\u010drtno vadbo mora spremljati izku\u0161en trener, ki dobro ve, kaj lahko vsak posameznik zmore.<\/p>\n<p>Nekateri otroci v \u010dasu odra\u0161\u010danja potrebujejo poleg aktivnega napora tudi adrenalinsko komponento. Smu\u010darski skoki pa prav gotovo to vse vsebujejo.<\/p>\n<p>Andrej Mer\u0161e 2002<br \/>\nNejc Peklaj 2003<br \/>\nMatev\u017e Marinko 2003<br \/>\nSta\u0161 \u0160antelj 2003<br \/>\nMatev\u017e Ple\u0161ko 2003<br \/>\nNejc Podgor\u0161ek 2004<br \/>\nMatija Dobre 2004<br \/>\nTaj Kai Golob 2004<br \/>\nLovro Perme 2004<\/p>\n<p align=\"LEFT\"><strong><em>Ve\u010d branja o tem:<\/em><\/strong><\/p>\n<p align=\"LEFT\"><a title=\"Treningi\" href=\"http:\/\/www.sddolomiti.si\/?page_id=143\">Treningi<\/a>\u00a0\u00a0\u00a0 <a title=\"Priprave\" href=\"http:\/\/www.sddolomiti.si\/?page_id=435\">Priprave<\/a>\u00a0\u00a0 <a title=\"Tekmovanja\" href=\"http:\/\/www.sddolomiti.si\/?page_id=437\">Tekmovanja<\/a>\u00a0\u00a0 <a title=\"Trenerji\" href=\"?page_id=459\">Trenerji<\/a><\/p>\n<p>&nbsp;<\/p>\n<span>","protected":false},"excerpt":{"rendered":"<p class=\"excerpt\"><span itemprop=\"description\">Starej\u0161i otroci pri svojem razvoju gibalnih sposobnosti potrebujejo veliko gibanja. Bolj aktivno in na\u010drtno vadbo mora spremljati izku\u0161en trener, ki dobro ve, kaj lahko vsak posameznik zmore. Nekateri otroci v \u010dasu odra\u0161\u010danja potrebujejo poleg aktivnega napora tudi adrenalinsko komponento. Smu\u010darski skoki pa prav gotovo to vse vsebujejo. Andrej Mer\u0161e 2002&hellip;<\/span><\/p>\n<p class=\"more-link-p btn-align-center\"><a class=\"green zoom-btn\" href=\"https:\/\/www.sddolomiti.si\/?page_id=456\">Preberi<\/a><\/p>\n","protected":false},"author":2,"featured_media":0,"parent":178,"menu_order":2,"comment_status":"closed","ping_status":"closed","template":"","meta":{"_crdt_document":"","footnotes":""},"class_list":["post-456","page","type-page","status-publish","hentry"],"_links":{"self":[{"href":"https:\/\/www.sddolomiti.si\/index.php?rest_route=\/wp\/v2\/pages\/456","targetHints":{"allow":["GET"]}}],"collection":[{"href":"https:\/\/www.sddolomiti.si\/index.php?rest_route=\/wp\/v2\/pages"}],"about":[{"href":"https:\/\/www.sddolomiti.si\/index.php?rest_route=\/wp\/v2\/types\/page"}],"author":[{"embeddable":true,"href":"https:\/\/www.sddolomiti.si\/index.php?rest_route=\/wp\/v2\/users\/2"}],"replies":[{"embeddable":true,"href":"https:\/\/www.sddolomiti.si\/index.php?rest_route=%2Fwp%2Fv2%2Fcomments&post=456"}],"version-history":[{"count":0,"href":"https:\/\/www.sddolomiti.si\/index.php?rest_route=\/wp\/v2\/pages\/456\/revisions"}],"up":[{"embeddable":true,"href":"https:\/\/www.sddolomiti.si\/index.php?rest_route=\/wp\/v2\/pages\/178"}],"wp:attachment":[{"href":"https:\/\/www.sddolomiti.si\/index.php?rest_route=%2Fwp%2Fv2%2Fmedia&parent=456"}],"curies":[{"name":"wp","href":"https:\/\/api.w.org\/{rel}","templated":true}]}}