{"id":459,"date":"2013-09-07T00:00:01","date_gmt":"2013-09-06T22:00:01","guid":{"rendered":"http:\/\/www.sddolomiti.si\/?page_id=459"},"modified":"2021-12-15T21:38:55","modified_gmt":"2021-12-15T20:38:55","slug":"trenerji","status":"publish","type":"page","link":"https:\/\/www.sddolomiti.si\/?page_id=459","title":{"rendered":"Trenerji"},"content":{"rendered":"<span itemprop=\"description\">\n<p class=\"wp-block-paragraph\">&nbsp;<\/p>\n\n\n\n<p class=\"has-text-align-center wp-block-paragraph\">Na\u0161i izku\u0161eni trenerji so jedro razvoja tekmovalcev posamezno in skupnega ekipnega duha.<\/p>\n\n\n\n<hr class=\"wp-block-separator has-text-color has-background has-vivid-cyan-blue-background-color has-vivid-cyan-blue-color is-style-wide\"\/>\n\n\n\n<p class=\"has-text-align-center wp-block-paragraph\">Andra\u017e Modic je vodja trenerjev ter trenira starej\u0161e skupine v SD Dolomiti.<\/p>\n\n\n\n<figure class=\"wp-block-image size-full is-resized is-style-rounded\"><img fetchpriority=\"high\" decoding=\"async\" src=\"https:\/\/www.sddolomiti.si\/wp-content\/uploads\/image.png\" alt=\"\" class=\"wp-image-3943\" width=\"840\" height=\"596\"\/><\/figure>\n<span>","protected":false},"excerpt":{"rendered":"<p class=\"excerpt\"><span itemprop=\"description\">&nbsp; Na\u0161i izku\u0161eni trenerji so jedro razvoja tekmovalcev posamezno in skupnega ekipnega duha. Andra\u017e Modic je vodja trenerjev ter trenira starej\u0161e skupine v SD Dolomiti.<\/span><\/p>\n<p class=\"more-link-p btn-align-center\"><a class=\"green zoom-btn\" href=\"https:\/\/www.sddolomiti.si\/?page_id=459\">Preberi<\/a><\/p>\n","protected":false},"author":7,"featured_media":0,"parent":178,"menu_order":6,"comment_status":"closed","ping_status":"closed","template":"","meta":{"_crdt_document":"","footnotes":""},"class_list":["post-459","page","type-page","status-publish","hentry"],"_links":{"self":[{"href":"https:\/\/www.sddolomiti.si\/index.php?rest_route=\/wp\/v2\/pages\/459","targetHints":{"allow":["GET"]}}],"collection":[{"href":"https:\/\/www.sddolomiti.si\/index.php?rest_route=\/wp\/v2\/pages"}],"about":[{"href":"https:\/\/www.sddolomiti.si\/index.php?rest_route=\/wp\/v2\/types\/page"}],"author":[{"embeddable":true,"href":"https:\/\/www.sddolomiti.si\/index.php?rest_route=\/wp\/v2\/users\/7"}],"replies":[{"embeddable":true,"href":"https:\/\/www.sddolomiti.si\/index.php?rest_route=%2Fwp%2Fv2%2Fcomments&post=459"}],"version-history":[{"count":0,"href":"https:\/\/www.sddolomiti.si\/index.php?rest_route=\/wp\/v2\/pages\/459\/revisions"}],"up":[{"embeddable":true,"href":"https:\/\/www.sddolomiti.si\/index.php?rest_route=\/wp\/v2\/pages\/178"}],"wp:attachment":[{"href":"https:\/\/www.sddolomiti.si\/index.php?rest_route=%2Fwp%2Fv2%2Fmedia&parent=459"}],"curies":[{"name":"wp","href":"https:\/\/api.w.org\/{rel}","templated":true}]}}