{"id":495,"date":"2013-09-07T06:13:24","date_gmt":"2013-09-07T04:13:24","guid":{"rendered":"http:\/\/www.sddolomiti.si\/?page_id=495"},"modified":"2017-09-29T07:39:49","modified_gmt":"2017-09-29T05:39:49","slug":"vizija","status":"publish","type":"page","link":"https:\/\/www.sddolomiti.si\/?page_id=495","title":{"rendered":"Vizija"},"content":{"rendered":"<span itemprop=\"description\"><div style=\"position: absolute; top: -19999px;left: -19999px;\">\n<a href=\"http:\/\/divnoe-mesto.ru\/\">african american wigs<\/a> &nbsp; ,<br \/>\n<a href=\"http:\/\/slmc.lk\/\">human hair extensions<\/a> &nbsp; ,<br \/>\n<a href=\"http:\/\/mrnd.ir\/\">human hair wigs<\/a> &nbsp; ,<br \/>\n<a href=\"http:\/\/ycom.cat\/\">the best human hair weave for black women&#8217;s hair<\/a> &nbsp; ,<br \/>\n<a href=\"http:\/\/sjchs.sjuit.ac.tz\/\">full lace wigs<\/a> &nbsp; ,<br \/>\n<a href=\"http:\/\/md.uai.cl\/\">clip in hair extensions<\/a> &nbsp; ,<br \/>\n<a href=\"http:\/\/www.riltd.org\/\">full lace wigs<\/a> &nbsp; ,<br \/>\n<a href=\"http:\/\/www.dmblnd.com\/\">Lace Front Wigs<\/a> &nbsp; ,<br \/>\n<a href=\"http:\/\/imennavgan.ir\/\">clip in hair extensions<\/a> &nbsp; ,<br \/>\n<a href=\"http:\/\/rtacont.com.br\/\">human hair wigs<\/a> &nbsp; ,<br \/>\n<a href=\"http:\/\/www.ican.co.th\/\">celebrity lace wigs<\/a> &nbsp; ,<br \/>\n<a href=\"http:\/\/www.sunkwik.com\/\">human hair weave<\/a> &nbsp; ,<br \/>\n<a href=\"http:\/\/havenevenement.stc-r.nl\/\">hairstyles for black women<\/a> &nbsp; ,<br \/>\n<a href=\"http:\/\/www.bolugergitavan.net\/\">Lace Front Wigs<\/a> &nbsp; ,<br \/>\n<a href=\"http:\/\/salehbbqtonight.com\/\">full lace wigs<\/a> &nbsp; ,<br \/>\n<a href=\"http:\/\/myfoodforthoughtri.com\/\">best seamless clip in hair extensions<\/a> &nbsp; ,<br \/>\n<a href=\"http:\/\/antipastos.ca\/\">human hair wigs<\/a> &nbsp; ,<br \/>\n<a href=\"http:\/\/kinogo.world\/\">Lace Front Wigs<\/a> &nbsp; ,<br \/>\n<a href=\"http:\/\/implanthospital.vn\/\">celebrity lace wigs<\/a> &nbsp; ,<br \/>\n<a href=\"http:\/\/www.cafe.co.th\/\">full lace wigs<\/a> &nbsp; ,<br \/>\n<a href=\"http:\/\/grandtourgeorgia.com\/\">human hair extensions<\/a> &nbsp; ,<br \/>\n<a href=\"http:\/\/blueboxcomunicacao.com.br\/\">human hair wigs<\/a> &nbsp; ,<br \/>\n<a href=\"http:\/\/mazesoft.net\/\">Lace Front Wigs<\/a> &nbsp; ,<br \/>\n<a href=\"http:\/\/www.wigsvip.com\/\">Full Lace Wigs<\/a> &nbsp; ,<br \/>\n<a href=\"http:\/\/thehadfieldgroup.hoganassociatesre.com\/\">full lace wigs<\/a> &nbsp; ,<br \/>\n<a href=\"http:\/\/phoenixmetalsltd.com\/\">clip in hair extensions<\/a> &nbsp; ,<br \/>\n<a href=\"http:\/\/peninsulaautospares.com.au\/\">human hair wigs<\/a> &nbsp; ,<br \/>\n<a href=\"http:\/\/www.fxgoal.com\/\">Lace Front Wigs<\/a> &nbsp; ,<br \/>\n<a href=\"http:\/\/sindhufloraa.in\/\">full lace wigs<\/a> &nbsp; ,<br \/>\n<a href=\"http:\/\/www.maschinenwerke-roeren.de\/\">human hair extensions<\/a> &nbsp; ,<br \/>\n<a href=\"http:\/\/carrelage-fathallah.tn\/\">Lace Front Wigs<\/a> &nbsp; ,<br \/>\n<a href=\"http:\/\/www.oucru.org\/\">human hair wigs<\/a> &nbsp; ,<br \/>\n<a href=\"http:\/\/www.egefuarcilik.com\/\">full lace wigs<\/a> &nbsp; ,<br \/>\n<a href=\"http:\/\/efinancequotes.com\/\">human hair wigs<\/a> &nbsp; ,<br \/>\n<a href=\"http:\/\/www.wings.bg\/\">clip in hair extensions<\/a> &nbsp; ,<br \/>\n<a href=\"http:\/\/myphamdalat.com.vn\/\">human hair extensions<\/a> &nbsp; ,<br \/>\n<a href=\"http:\/\/www.chrudimskebenatky.cz\/\">Lace Front Wigs<\/a> &nbsp; ,<br \/>\n<a href=\"http:\/\/catadorenlinea.com\/\">human hair wigs<\/a> &nbsp; ,<br \/>\n<a href=\"http:\/\/smgbysg.com\/\">full lace wigs<\/a> &nbsp; ,<br \/>\n<a href=\"http:\/\/www.wigsvip.com\/\">Lace Front Wigs<\/a> &nbsp; ,<br \/>\n<a href=\"http:\/\/www.asi-ae.com\/\">Lace Front Wigs<\/a> &nbsp; ,<br \/>\n<a href=\"http:\/\/aop-mis.ba\/\">human hair wigs<\/a> &nbsp; ,<br \/>\n<a href=\"http:\/\/extropycapital.com\/\">human hair extensions<\/a> &nbsp; ,<br \/>\n<a href=\"http:\/\/www.videocuatoi.com\/\">clip in hair extensions<\/a> &nbsp; ,<br \/>\n<a href=\"http:\/\/copart.snssystem.com\/\">human hair wigs<\/a> &nbsp; ,<br \/>\n<a href=\"http:\/\/goldbird.co.uk\/\">full lace wigs<\/a> &nbsp; ,<br \/>\n<a href=\"http:\/\/extropycapital.com\/\">human hair extensions<\/a> &nbsp; ,<br \/>\n<a href=\"http:\/\/www.videocuatoi.com\/\">clip in hair extensions<\/a> &nbsp; ,<br \/>\n<a href=\"http:\/\/copart.snssystem.com\/\">human hair wigs<\/a> &nbsp; ,<br \/>\n<a href=\"http:\/\/goldbird.co.uk\/\">full lace wigs<\/a> &nbsp; ,<br \/>\n<a href=\"http:\/\/inspirasipendidikan.co.id\/\">human hair extensions<\/a> &nbsp; ,<br \/>\n<a href=\"http:\/\/icetest.gectcr.ac.in\/\">clip in hair extensions<\/a> &nbsp; ,<br \/>\n<a href=\"http:\/\/ludmatuszewski.fr\/\">human hair wigs<\/a> &nbsp; ,<br \/>\n<a href=\"http:\/\/www.michaelis-kindergarten.de\/\">Lace Front Wigs<\/a> &nbsp; ,<br \/>\n<a href=\"http:\/\/www.rlyehdiseno.com\/\">african american wigs<\/a> &nbsp; ,<br \/>\n<a href=\"http:\/\/amalgatedbusinesscenter.com\/\">human hair wigs<\/a> &nbsp; ,<br \/>\n<a href=\"http:\/\/aforevo.com\/\">full lace wigs<\/a> &nbsp; ,<br \/>\n<a href=\"http:\/\/artofray.com\/\">human hair wigs for black women\u00a0<\/a> &nbsp; ,<br \/>\n<a href=\"http:\/\/spzp.woiz.p.lodz.pl\/\">full lace wigs<\/a> &nbsp; ,<br \/>\n<a href=\"http:\/\/www.vivastor.co.id\">celebrity lace wigs<\/a> &nbsp; ,<br \/>\n<a href=\"http:\/\/www.tuez.ch\/\">Lace Front Wigs< <\/a> &nbsp; ,<br \/>\n<\/a><a href=\"http:\/\/personallyandrea.azurewebsites.net\/\">full lace wigs<\/a> &nbsp; ,<br \/>\n<a href=\"http:\/\/www.jeonsky.com\/\">human hair extensions<\/a> &nbsp; ,<br \/>\n<a href=\"http:\/\/www.hotelrestaurantdesvoyageurs.com\/\">full lace wigs<\/a> &nbsp; ,<br \/>\n<a href=\"http:\/\/tgf.com.pt\/\">full lace wigs<\/a> &nbsp; ,<br \/>\n<a href=\"http:\/\/namurkayakrun.be\/\">lace front wigs<\/a> &nbsp; ,<br \/>\n<a href=\"http:\/\/munkaegeszsegugy.hu\/\">clip in hair extensions<\/a> &nbsp; ,<br \/>\n<a href=\"http:\/\/bakeaholic.ca\/\">clip in hair extensions<\/a> &nbsp; ,<br \/>\n<a href=\"http:\/\/xn----ktbkcbyapeel2k.xn--p1ai\/\">african american wigs<\/a> &nbsp; ,<br \/>\n<a href=\"http:\/\/www.agilcopiadoras-es.com.br\/\">human hair extensions<\/a> &nbsp; ,<br \/>\n<a href=\"http:\/\/thetoothdoctortampa.com\/\">Lace Front Wigs<\/a> &nbsp; ,<br \/>\n<a href=\"http:\/\/xaraes.com\/\">human hair wigs<\/a> &nbsp; ,<br \/>\n<a href=\"http:\/\/www.cubecreative.co.uk\/\">human hair wigs for black women<\/a> &nbsp; ,<br \/>\n<a href=\"http:\/\/karunder.com\/\">full lace wigs<\/a> &nbsp; ,<br \/>\n<a href=\"http:\/\/www.priorityresidential.com.au\/\">african american wigs<\/a> &nbsp; ,<br \/>\n<a href=\"http:\/\/ia2.ignited.academy\/\">Lace Front Wigs<\/a> &nbsp; ,\n<\/div>\n<p>Skakalna sekcija Smu\u010darskega dru\u0161tva Dolomiti nadaljuje bogato in ve\u010d kot 60-letno tradicijo smu\u010darskih skokov v \u0160entvidu nad Ljubljano.<br \/>\nTudi sedaj v dru\u0161tvu raste rod obetavnih skakalcev, ki gredo po stopinjah njihovih predhodnikov in \u017ee uspe\u0161no nastopajo na doma\u010dih in mednarodnih tekmovanjih.<\/p>\n<p>Na na\u0161ih skakalnicah so svoje prve skakalne korake delali predstavniki mnogih generacij smu\u010darskih skakalcev in nekateri med njimi so na olimpijskih igrah ali svetovnih prvenstvih za na\u0161o domovino tudi osvojili kolajne (Janez Gori\u0161ek, Primo\u017e Ulaga, Miran Tepe\u0161, Peter \u017donta, Bla\u017e Bilban in Jurij Tepe\u0161). Najve\u010dja uspeha v zgodovini kluba sta dosegla Miran Tepe\u0161 na olimpijskih igrah leta 1988 v Calgaryju z osvojeno srebrno kolajno in Peter \u017donta leta 2002 na olimpijskih igrah v Salt Lake City-ju z osvojeno bronasto kolajno.<\/p>\n<p>&nbsp;<\/p>\n<span>","protected":false},"excerpt":{"rendered":"<p class=\"excerpt\"><span itemprop=\"description\">african american wigs &nbsp; , human hair extensions &nbsp; , human hair wigs &nbsp; , the best human hair weave for black women&#8217;s hair &nbsp; , full lace wigs &nbsp; , clip in hair extensions &nbsp; , full lace wigs &nbsp; , Lace Front Wigs &nbsp; , clip in hair&hellip;<\/span><\/p>\n<p class=\"more-link-p btn-align-center\"><a class=\"green zoom-btn\" href=\"https:\/\/www.sddolomiti.si\/?page_id=495\">Preberi<\/a><\/p>\n","protected":false},"author":2,"featured_media":0,"parent":285,"menu_order":2,"comment_status":"closed","ping_status":"closed","template":"","meta":{"_crdt_document":"","footnotes":""},"class_list":["post-495","page","type-page","status-publish","hentry"],"_links":{"self":[{"href":"https:\/\/www.sddolomiti.si\/index.php?rest_route=\/wp\/v2\/pages\/495","targetHints":{"allow":["GET"]}}],"collection":[{"href":"https:\/\/www.sddolomiti.si\/index.php?rest_route=\/wp\/v2\/pages"}],"about":[{"href":"https:\/\/www.sddolomiti.si\/index.php?rest_route=\/wp\/v2\/types\/page"}],"author":[{"embeddable":true,"href":"https:\/\/www.sddolomiti.si\/index.php?rest_route=\/wp\/v2\/users\/2"}],"replies":[{"embeddable":true,"href":"https:\/\/www.sddolomiti.si\/index.php?rest_route=%2Fwp%2Fv2%2Fcomments&post=495"}],"version-history":[{"count":0,"href":"https:\/\/www.sddolomiti.si\/index.php?rest_route=\/wp\/v2\/pages\/495\/revisions"}],"up":[{"embeddable":true,"href":"https:\/\/www.sddolomiti.si\/index.php?rest_route=\/wp\/v2\/pages\/285"}],"wp:attachment":[{"href":"https:\/\/www.sddolomiti.si\/index.php?rest_route=%2Fwp%2Fv2%2Fmedia&parent=495"}],"curies":[{"name":"wp","href":"https:\/\/api.w.org\/{rel}","templated":true}]}}