{"id":823,"date":"2014-05-06T01:17:25","date_gmt":"2014-05-05T23:17:25","guid":{"rendered":"http:\/\/www.sddolomiti.si\/?page_id=823"},"modified":"2014-06-03T05:58:14","modified_gmt":"2014-06-03T03:58:14","slug":"skoci-z-nami","status":"publish","type":"page","link":"https:\/\/www.sddolomiti.si\/?page_id=823","title":{"rendered":"Sko\u010di z nami 2014"},"content":{"rendered":"<span itemprop=\"description\"><h3><em>&#8211; v dresu al&#8217; pi\u017eami<\/em><\/h3>\n<h3><span style=\"font-size: small;\"><strong>SD Dolomiti\u00a0<\/strong><\/span><span style=\"font-family: Calibri,Calibri; font-size: small;\"><span style=\"font-family: Calibri; font-size: small;\">je v <\/span><\/span><strong><span style=\"font-size: small;\">soboto, 31. maja 2014 <\/span><\/strong><span style=\"font-family: Calibri,Calibri; font-size: small;\"><span style=\"font-family: Calibri; font-size: small;\">izpeljalo \u0161portno-dru\u017eabno prireditev ki\u00a0je potekala skakalnem centru Gunclje (pod smu\u010di\u0161\u010dem Poseka). Tekmovanje\u00a0je potekalo v naslednjih kategorijah: <\/span><\/span><\/h3>\n<ul>\n<li>PI\u017dMARJI (cicibani do 9 let na alpskih smu\u010deh, K=9m)<\/li>\n<li>CICIBANI (tekmovalci do 9 let, K=9m),<\/li>\n<li>\u010cLANI (tekmovalci nad 9 let na skakalnicah K=15m, K=23m in K=35m),<\/li>\n<li>BOLJ STAR, BOLJ NOR (rekreativci od 9 do 99 let, K=9m).<\/li>\n<\/ul>\n<p><span style=\"font-size: small;\"><strong>Program prireditve: <\/strong><\/span><\/p>\n<p><span style=\"font-family: Calibri,Calibri; font-size: small;\"><span style=\"font-family: Calibri; font-size: small;\">9.00: Pri\u010detek prireditve (prijava tekmovalcev in tekmovalk, uradni trening, okrep\u010dilo, jutranja kavica\u2026)<br \/>\n<\/span><\/span><span style=\"font-family: Calibri,Calibri; font-size: small;\"><span style=\"font-family: Calibri; font-size: small;\">10.00: Tekmovanje na K=9m<br \/>\n<\/span><\/span><span style=\"font-family: Calibri,Calibri; font-size: small;\"><span style=\"font-family: Calibri; font-size: small;\">11.00: Tekmovanje na <\/span><\/span><span style=\"font-family: Verdana,Verdana; font-size: x-small;\"><span style=\"font-family: Verdana; font-size: x-small;\">K=15m, K=23m in K=35m<br \/>\n<\/span><\/span><span style=\"font-family: Calibri,Calibri; font-size: small;\"><span style=\"font-family: Calibri; font-size: small;\">12.15: Razglasitev rezultatov, podelitev nagrad in otvoritev nove brunarice<br \/>\n12:30: Dru\u017eabno sre\u010danje in sre\u010dolov <\/span><\/span><br \/>\n<img decoding=\"async\" title=\"SkakalniceD\" src=\"http:\/\/www.sddolomiti.si\/wp-content\/uploads\/SkakalniceD.jpg\" alt=\"\" width=\"200\" align=\"right\" \/><br \/>\nTekmovanje in dru\u017eenje je imelo predvsem zabavno noto in je bilo namenjeno vsem in vsakomur, ki ima \u017eeljo in pogum ter dobro voljo, da se spusti po skakalnici, ne glede na starost in skakalno predznanje, zato se lahko tekme udele\u017eijo prav vsi, ki so si kdaj \u017eeleli sko\u010diti na pravi skakalnici pa niso imeli prilo\u017enosti.\u00a0<span style=\"color: #993300;\">Vabljeni k sodelovanju na prireditvi Sko\u010di z nami naslednje leto&#8230;<\/span><\/p>\n<p><strong><span style=\"color: #800080;\">Izvedbo prireditve\u00a0so sponzorirali:<\/span><\/strong><\/p>\n<h4><img decoding=\"async\" title=\"Argeta slovenski sl\" src=\"http:\/\/www.sddolomiti.si\/wp-content\/uploads\/Argeta-slovenski-sl1-800x480.jpg\" alt=\"\" width=\"200\" \/>\u00a0<img decoding=\"async\" title=\"dm_logo_SI\" src=\"http:\/\/www.sddolomiti.si\/wp-content\/uploads\/dm_logo_SI.png\" alt=\"\" width=\"180\" height=\"97\" \/><img decoding=\"async\" title=\"medex za tisk\" src=\"http:\/\/www.sddolomiti.si\/wp-content\/uploads\/medex-za-tisk-800x350.jpg\" alt=\"\" width=\"200\" \/><img decoding=\"async\" title=\"logo_pionirski\" src=\"http:\/\/www.sddolomiti.si\/wp-content\/uploads\/logo_pionirski.png\" alt=\"\" width=\"200\" \/><a href=\"www.sinaksis.si\"><img decoding=\"async\" title=\"PANOGRAM_LOGO2\" src=\"http:\/\/www.sddolomiti.si\/wp-content\/uploads\/PANOGRAM_LOGO2-800x275.png\" alt=\"\" width=\"200\" \/><\/a><img decoding=\"async\" title=\"logo_zmigaj\" src=\"http:\/\/www.sddolomiti.si\/wp-content\/uploads\/logo_zmigaj.png\" alt=\"\" width=\"200\" \/><img decoding=\"async\" title=\"Emba logo\" src=\"http:\/\/www.sddolomiti.si\/wp-content\/uploads\/Emba-logo-800x240.jpg\" alt=\"\" width=\"200\" \/><img decoding=\"async\" title=\"konexpravi\" src=\"http:\/\/www.sddolomiti.si\/wp-content\/uploads\/konexpravi.png\" alt=\"\" width=\"200\" \/><br \/>\nin drugi &#8230;<\/h4>\n<h2>Utrinki iz prireditve<\/h2>\n<table border=\"0\">\n<tbody>\n<tr>\n<td>\n<p><figure id=\"attachment_877\" aria-describedby=\"caption-attachment-877\" style=\"width: 150px\" class=\"wp-caption alignnone\"><img decoding=\"async\" class=\"size-thumbnail wp-image-877\" title=\"Dogajanje pri hi\u0161ki\" src=\"http:\/\/www.sddolomiti.si\/wp-content\/uploads\/pri_hi\u0161ki_2-150x150.jpg\" alt=\"\" width=\"150\" height=\"150\" \/><figcaption id=\"caption-attachment-877\" class=\"wp-caption-text\">Prijavna slu\u017eba pred hi\u0161ko<\/figcaption><\/figure><\/td>\n<td>\n<p><figure id=\"attachment_878\" aria-describedby=\"caption-attachment-878\" style=\"width: 150px\" class=\"wp-caption alignnone\"><img decoding=\"async\" class=\"size-thumbnail wp-image-878\" title=\"Pi\u017eamarji\" src=\"http:\/\/www.sddolomiti.si\/wp-content\/uploads\/skoki_pi\u017eamarji-150x150.jpg\" alt=\"\" width=\"150\" height=\"150\" \/><figcaption id=\"caption-attachment-878\" class=\"wp-caption-text\">Pi\u017eamarji<\/figcaption><\/figure><\/td>\n<td>\n<p><figure id=\"attachment_892\" aria-describedby=\"caption-attachment-892\" style=\"width: 200px\" class=\"wp-caption alignnone\"><img decoding=\"async\" class=\"size-medium wp-image-892\" title=\"Skoki cicibani K=9m\" src=\"http:\/\/www.sddolomiti.si\/wp-content\/uploads\/skoki_k9-800x600.jpg\" alt=\"\" width=\"200\" srcset=\"https:\/\/www.sddolomiti.si\/wp-content\/uploads\/skoki_k9-800x600.jpg 800w, https:\/\/www.sddolomiti.si\/wp-content\/uploads\/skoki_k9.jpg 1024w\" sizes=\"(max-width: 800px) 100vw, 800px\" \/><figcaption id=\"caption-attachment-892\" class=\"wp-caption-text\">Skoki cicibani K=9m<\/figcaption><\/figure><\/td>\n<\/tr>\n<tr>\n<td>\n<p><figure id=\"attachment_891\" aria-describedby=\"caption-attachment-891\" style=\"width: 200px\" class=\"wp-caption alignnone\"><img decoding=\"async\" class=\"size-medium wp-image-891\" title=\"Skoki &quot;Bolj star bolj nor&quot; K=9m\" src=\"http:\/\/www.sddolomiti.si\/wp-content\/uploads\/skoki_bolj_star_bolj_nor-800x600.jpg\" alt=\"\" width=\"200\" srcset=\"https:\/\/www.sddolomiti.si\/wp-content\/uploads\/skoki_bolj_star_bolj_nor-800x600.jpg 800w, https:\/\/www.sddolomiti.si\/wp-content\/uploads\/skoki_bolj_star_bolj_nor.jpg 1024w\" sizes=\"(max-width: 800px) 100vw, 800px\" \/><figcaption id=\"caption-attachment-891\" class=\"wp-caption-text\">Skoki &quot;Bolj star bolj nor&quot; K=9m<\/figcaption><\/figure><\/td>\n<td>\n<p><figure id=\"attachment_893\" aria-describedby=\"caption-attachment-893\" style=\"width: 200px\" class=\"wp-caption alignnone\"><img decoding=\"async\" class=\"size-full wp-image-893\" title=\"Skoki na K=23m\" src=\"http:\/\/www.sddolomiti.si\/wp-content\/uploads\/skoki_k15.png\" alt=\"\" width=\"200\" \/><figcaption id=\"caption-attachment-893\" class=\"wp-caption-text\">Skoki na K=23m<\/figcaption><\/figure><\/td>\n<td>\n<p><figure id=\"attachment_883\" aria-describedby=\"caption-attachment-883\" style=\"width: 200px\" class=\"wp-caption alignnone\"><img decoding=\"async\" class=\"size-medium wp-image-883\" title=\"Pod skakalnicami\" src=\"http:\/\/www.sddolomiti.si\/wp-content\/uploads\/pod_skakalnicami-800x600.jpg\" alt=\"\" width=\"200\" srcset=\"https:\/\/www.sddolomiti.si\/wp-content\/uploads\/pod_skakalnicami-800x600.jpg 800w, https:\/\/www.sddolomiti.si\/wp-content\/uploads\/pod_skakalnicami.jpg 1024w\" sizes=\"(max-width: 800px) 100vw, 800px\" \/><figcaption id=\"caption-attachment-883\" class=\"wp-caption-text\">Pod skakalnicami<\/figcaption><\/figure><\/td>\n<\/tr>\n<tr>\n<td>\n<p><figure id=\"attachment_881\" aria-describedby=\"caption-attachment-881\" style=\"width: 200px\" class=\"wp-caption alignnone\"><img decoding=\"async\" class=\"size-medium wp-image-881\" title=\"Med tekmovalci\" src=\"http:\/\/www.sddolomiti.si\/wp-content\/uploads\/med_tekmovalci-800x600.jpg\" alt=\"\" width=\"200\" srcset=\"https:\/\/www.sddolomiti.si\/wp-content\/uploads\/med_tekmovalci-800x600.jpg 800w, https:\/\/www.sddolomiti.si\/wp-content\/uploads\/med_tekmovalci.jpg 1024w\" sizes=\"(max-width: 800px) 100vw, 800px\" \/><figcaption id=\"caption-attachment-881\" class=\"wp-caption-text\">Med tekmovalci<\/figcaption><\/figure><\/td>\n<td>\n<p><figure id=\"attachment_888\" aria-describedby=\"caption-attachment-888\" style=\"width: 200px\" class=\"wp-caption alignnone\"><img decoding=\"async\" class=\"size-medium wp-image-888\" title=\"Podelitev pi\u017eamarji\" src=\"http:\/\/www.sddolomiti.si\/wp-content\/uploads\/podelitev_pi\u017eamarji-800x600.jpg\" alt=\"\" width=\"200\" srcset=\"https:\/\/www.sddolomiti.si\/wp-content\/uploads\/podelitev_pi\u017eamarji-800x600.jpg 800w, https:\/\/www.sddolomiti.si\/wp-content\/uploads\/podelitev_pi\u017eamarji.jpg 1024w\" sizes=\"(max-width: 800px) 100vw, 800px\" \/><figcaption id=\"caption-attachment-888\" class=\"wp-caption-text\">Podelitev pi\u017eamarji<\/figcaption><\/figure><\/td>\n<td>\n<p><figure id=\"attachment_884\" aria-describedby=\"caption-attachment-884\" style=\"width: 200px\" class=\"wp-caption alignnone\"><img decoding=\"async\" class=\"size-medium wp-image-884\" title=\"Podelitev K=15m\" src=\"http:\/\/www.sddolomiti.si\/wp-content\/uploads\/podekitev_k15-800x600.jpg\" alt=\"\" width=\"200\" srcset=\"https:\/\/www.sddolomiti.si\/wp-content\/uploads\/podekitev_k15-800x600.jpg 800w, https:\/\/www.sddolomiti.si\/wp-content\/uploads\/podekitev_k15.jpg 1024w\" sizes=\"(max-width: 800px) 100vw, 800px\" \/><figcaption id=\"caption-attachment-884\" class=\"wp-caption-text\">Podelitev K=15m<\/figcaption><\/figure><\/td>\n<\/tr>\n<tr>\n<td>\n<p><figure id=\"attachment_886\" aria-describedby=\"caption-attachment-886\" style=\"width: 200px\" class=\"wp-caption alignnone\"><img decoding=\"async\" class=\"size-medium wp-image-886\" title=\"Podelitev K=23m\" src=\"http:\/\/www.sddolomiti.si\/wp-content\/uploads\/podelitev_k201-800x600.jpg\" alt=\"\" width=\"200\" srcset=\"https:\/\/www.sddolomiti.si\/wp-content\/uploads\/podelitev_k201-800x600.jpg 800w, https:\/\/www.sddolomiti.si\/wp-content\/uploads\/podelitev_k201.jpg 1024w\" sizes=\"(max-width: 800px) 100vw, 800px\" \/><figcaption id=\"caption-attachment-886\" class=\"wp-caption-text\">Podelitev K=23m<\/figcaption><\/figure><\/td>\n<td>\n<p><figure id=\"attachment_887\" aria-describedby=\"caption-attachment-887\" style=\"width: 200px\" class=\"wp-caption alignnone\"><img decoding=\"async\" class=\"size-medium wp-image-887\" title=\"Podelitev K=35m\" src=\"http:\/\/www.sddolomiti.si\/wp-content\/uploads\/podelitev_k35-800x600.jpg\" alt=\"\" width=\"200\" srcset=\"https:\/\/www.sddolomiti.si\/wp-content\/uploads\/podelitev_k35-800x600.jpg 800w, https:\/\/www.sddolomiti.si\/wp-content\/uploads\/podelitev_k35.jpg 1024w\" sizes=\"(max-width: 800px) 100vw, 800px\" \/><figcaption id=\"caption-attachment-887\" class=\"wp-caption-text\">Podelitev K=35m<\/figcaption><\/figure><\/td>\n<td>\n<p><figure id=\"attachment_897\" aria-describedby=\"caption-attachment-897\" style=\"width: 200px\" class=\"wp-caption alignnone\"><img decoding=\"async\" class=\"size-medium wp-image-897\" title=\"Podelitev &quot;Bolj star bolj nor&quot;\" src=\"http:\/\/www.sddolomiti.si\/wp-content\/uploads\/podelitev_bolj_star_bolj_nor-800x600.jpg\" alt=\"\" width=\"200\" srcset=\"https:\/\/www.sddolomiti.si\/wp-content\/uploads\/podelitev_bolj_star_bolj_nor-800x600.jpg 800w, https:\/\/www.sddolomiti.si\/wp-content\/uploads\/podelitev_bolj_star_bolj_nor.jpg 1024w\" sizes=\"(max-width: 800px) 100vw, 800px\" \/><figcaption id=\"caption-attachment-897\" class=\"wp-caption-text\">Podelitev &quot;Bolj star bolj nor&quot;<\/figcaption><\/figure><\/td>\n<\/tr>\n<\/tbody>\n<\/table>\n<span>","protected":false},"excerpt":{"rendered":"<p class=\"excerpt\"><span itemprop=\"description\">&#8211; v dresu al&#8217; pi\u017eami SD Dolomiti\u00a0je v soboto, 31. maja 2014 izpeljalo \u0161portno-dru\u017eabno prireditev ki\u00a0je potekala skakalnem centru Gunclje (pod smu\u010di\u0161\u010dem Poseka). Tekmovanje\u00a0je potekalo v naslednjih kategorijah: PI\u017dMARJI (cicibani do 9 let na alpskih smu\u010deh, K=9m) CICIBANI (tekmovalci do 9 let, K=9m), \u010cLANI (tekmovalci nad 9 let na skakalnicah&hellip;<\/span><\/p>\n<p class=\"more-link-p btn-align-center\"><a class=\"green zoom-btn\" href=\"https:\/\/www.sddolomiti.si\/?page_id=823\">Preberi<\/a><\/p>\n","protected":false},"author":3,"featured_media":0,"parent":439,"menu_order":0,"comment_status":"closed","ping_status":"closed","template":"","meta":{"_crdt_document":"","footnotes":""},"class_list":["post-823","page","type-page","status-publish","hentry"],"_links":{"self":[{"href":"https:\/\/www.sddolomiti.si\/index.php?rest_route=\/wp\/v2\/pages\/823","targetHints":{"allow":["GET"]}}],"collection":[{"href":"https:\/\/www.sddolomiti.si\/index.php?rest_route=\/wp\/v2\/pages"}],"about":[{"href":"https:\/\/www.sddolomiti.si\/index.php?rest_route=\/wp\/v2\/types\/page"}],"author":[{"embeddable":true,"href":"https:\/\/www.sddolomiti.si\/index.php?rest_route=\/wp\/v2\/users\/3"}],"replies":[{"embeddable":true,"href":"https:\/\/www.sddolomiti.si\/index.php?rest_route=%2Fwp%2Fv2%2Fcomments&post=823"}],"version-history":[{"count":0,"href":"https:\/\/www.sddolomiti.si\/index.php?rest_route=\/wp\/v2\/pages\/823\/revisions"}],"up":[{"embeddable":true,"href":"https:\/\/www.sddolomiti.si\/index.php?rest_route=\/wp\/v2\/pages\/439"}],"wp:attachment":[{"href":"https:\/\/www.sddolomiti.si\/index.php?rest_route=%2Fwp%2Fv2%2Fmedia&parent=823"}],"curies":[{"name":"wp","href":"https:\/\/api.w.org\/{rel}","templated":true}]}}